{"id":975,"date":"2021-09-21T15:21:44","date_gmt":"2021-09-21T18:21:44","guid":{"rendered":"http:\/\/anpuhpb.org\/site\/?page_id=975"},"modified":"2021-09-21T15:21:45","modified_gmt":"2021-09-21T18:21:45","slug":"notas-e-mocoes","status":"publish","type":"page","link":"https:\/\/anpuhpb.org\/site\/notas-e-mocoes\/","title":{"rendered":"Notas e Mo\u00e7\u00f5es"},"content":{"rendered":"\n<ul class=\"wp-block-list\"><li><a href=\"http:\/\/anpuhpb.org\/docs\/BNCC_Comentarios_Rosa_Godoy.pdf\" target=\"_blank\" rel=\"noreferrer noopener\">BNCC Comentarios Rosa Godoy<\/a><\/li><li><strong><a href=\"http:\/\/anpuhpb.org\/docs\/Solidareidade_a_greve_da_UEPB_Repudio_a_violencia_de_um_grupo_de_estudantes.pdf\" target=\"_blank\" rel=\"noreferrer noopener\">Nota de solidariedade aos docentes em greve da UEPB e de rep\u00fadio \u00e0s agress\u00f5es executadas por um grupo de estudantes no \u00faltimo dia 3 de novembro.<\/a> (6\/11\/2015)<\/strong><\/li><li><strong><a href=\"http:\/\/anpuhpb.org\/docs\/Apoio_a_greve_das_IFES.pdf\" target=\"_blank\" rel=\"noreferrer noopener\">Nota de apoio \u00e0 greve docente nas Institui\u00e7\u00f5es Federais de Ensino Superior<\/a> (10\/06\/2015)<\/strong><\/li><li><strong><a href=\"http:\/\/anpuhpb.org\/docs\/NOTA_DE_PESAR_Marisa_Tayra_Teruya.pdf\" target=\"_blank\" rel=\"noreferrer noopener\">Nota de pesar pelo falecimento da Profa. Marisa Tayra Teruya<\/a> (22\/04\/2015)<\/strong><\/li><li><a href=\"http:\/\/anpuhpb.org\/docs\/Repudio_a_repressao_aos_docentes_no_Parana_cometida_pelo_governo_do_estado.pdf\" target=\"_blank\" rel=\"noreferrer noopener\"><strong>REP\u00daDIO AOS ATOS DE BARB\u00c1RIE COMETIDOS CONTRA OS TRABALHADORES DA EDUCA\u00c7\u00c3O PELO GOVERNO DO ESTADO DO PARAN\u00c1!<\/strong> <strong>TODA SOLIDARIEDADE \u00c0 RESIST\u00caNCIA!<\/strong><\/a><strong> (30\/04\/2015)<\/strong><\/li><li><strong><a href=\"http:\/\/anpuhpb.org\/docs\/nota_de_solidariedade_greve_professores_estado_2015.pdf\" target=\"_blank\" rel=\"noreferrer noopener\">NOTA DE SOLIDARIEDADE \u00c0 GREVE DOS TRABALHADORES<br>EM EDUCA\u00c7\u00c3O DO ESTADO DA PARA\u00cdBA.<\/a><\/strong> (23\/04\/2015)<\/li><li><a href=\"http:\/\/anpuhpb.org\/docs\/eduardo_galeano.pdf\" target=\"_blank\" rel=\"noreferrer noopener\">Nota de pesar: falecimento de Eduardo Galeano, 1940-2015 (13\/04\/2015)<\/a><\/li><li><a href=\"http:\/\/anpuhpb.org\/docs\/Contra_a_precarizacao_do_trabalho.pdf\" target=\"_blank\" rel=\"noreferrer noopener\">Contra a precariza\u00e7\u00e3o do trabalho &#8211; Contra a terceiriza\u00e7\u00e3o (13\/04\/2015)<\/a><\/li><li><strong><a href=\"http:\/\/anpuhpb.org\/docs\/Nota_da_ANPUH-PB_em_solidariedade_a_greve_dos_trabalhadores_em_Educacao_do_municipio_de_Joao_Pessoa.pdf\" target=\"_blank\" rel=\"noreferrer noopener\">Solidariedade \u00e0 greve dos trabalhadores em Educa\u00e7\u00e3o do munic\u00edpio de Jo\u00e3o Pessoa (25\/03\/2015)<\/a><\/strong><\/li><li><strong><a href=\"http:\/\/anpuhpb.org\/docs\/em_defesa_da_historia_contra_a_intolerancia_politica_nota_da_anpuhPB_17mar2015.pdf\" target=\"_blank\" rel=\"noreferrer noopener\">Em defesa da hist\u00f3ria, contra a intoler\u00e2ncia pol\u00edtica (17\/03\/2015)<\/a><\/strong><\/li><li><a href=\"http:\/\/anpuhpb.org\/docs\/Nota_de_Pesar_JoaoAFernandes.pdf\" target=\"_blank\" rel=\"noreferrer noopener\">Nota de pesar: Prof. Jo\u00e3o de Azevedo Fernandes (24\/4\/2014)<\/a><\/li><li><a href=\"http:\/\/anpuhpb.org\/docs\/nota_de_repudio_mar2014.pdf\" target=\"_blank\" rel=\"noreferrer noopener\">Nota de Rep\u00fadio da ANPUH-PB a manifesta\u00e7\u00f5es de celebra\u00e7\u00e3o ao golpe de 1964 (22\/3\/2014)<\/a><\/li><li><a href=\"http:\/\/anpuhpb.org\/docs\/nota_da_associacao_nacional_dos_professores_de_historia.pdf\" target=\"_blank\" rel=\"noreferrer noopener\">Nota da ANPUH-PB sobre as manifesta\u00e7\u00f5es de junho de 2013 (26\/06\/2013)<\/a><\/li><li><a href=\"http:\/\/anpuhpb.org\/docs\/panfleto_aguaceira.pdf\" target=\"_blank\" rel=\"noreferrer noopener\">Manifesto Aguaceira (12\/3\/2013)<\/a><\/li><li><strong><a href=\"http:\/\/anpuhpb.org\/docs\/Nota_de_congratulacoes_a_Jose_Luciano_Queiroz.pdf\" target=\"_blank\" rel=\"noreferrer noopener\">Nota de congratula\u00e7\u00f5es ao prof. Jos\u00e9 Luciano Queiroz Aires pelo 2\u00ba lugar no Primeiro Pr\u00eamio Teses Sandra Jathay Pesavento (07\/10\/2014<\/a><\/strong>)<\/li><\/ul>\n","protected":false},"excerpt":{"rendered":"<p>BNCC Comentarios Rosa Godoy Nota de solidariedade aos docentes em greve da UEPB e de rep\u00fadio \u00e0s agress\u00f5es executadas por um grupo de estudantes no \u00faltimo dia 3 de novembro. (6\/11\/2015) Nota de apoio \u00e0 greve docente nas Institui\u00e7\u00f5es Federais de Ensino Superior (10\/06\/2015) Nota de pesar pelo falecimento da Profa. Marisa Tayra Teruya (22\/04\/2015)&hellip;&nbsp;<a href=\"https:\/\/anpuhpb.org\/site\/notas-e-mocoes\/\" rel=\"bookmark\">Continue a ler &raquo;<span class=\"screen-reader-text\">Notas e Mo\u00e7\u00f5es<\/span><\/a><\/p>\n","protected":false},"author":2,"featured_media":0,"parent":0,"menu_order":0,"comment_status":"closed","ping_status":"closed","template":"","meta":{"neve_meta_sidebar":"full-width","neve_meta_container":"","neve_meta_enable_content_width":"on","neve_meta_content_width":100,"neve_meta_title_alignment":"","neve_meta_author_avatar":"","neve_post_elements_order":"","neve_meta_disable_header":"","neve_meta_disable_footer":"","neve_meta_disable_title":"","footnotes":""},"class_list":["post-975","page","type-page","status-publish","hentry"],"featured_image_src":null,"_links":{"self":[{"href":"https:\/\/anpuhpb.org\/site\/wp-json\/wp\/v2\/pages\/975","targetHints":{"allow":["GET"]}}],"collection":[{"href":"https:\/\/anpuhpb.org\/site\/wp-json\/wp\/v2\/pages"}],"about":[{"href":"https:\/\/anpuhpb.org\/site\/wp-json\/wp\/v2\/types\/page"}],"author":[{"embeddable":true,"href":"https:\/\/anpuhpb.org\/site\/wp-json\/wp\/v2\/users\/2"}],"replies":[{"embeddable":true,"href":"https:\/\/anpuhpb.org\/site\/wp-json\/wp\/v2\/comments?post=975"}],"version-history":[{"count":1,"href":"https:\/\/anpuhpb.org\/site\/wp-json\/wp\/v2\/pages\/975\/revisions"}],"predecessor-version":[{"id":976,"href":"https:\/\/anpuhpb.org\/site\/wp-json\/wp\/v2\/pages\/975\/revisions\/976"}],"wp:attachment":[{"href":"https:\/\/anpuhpb.org\/site\/wp-json\/wp\/v2\/media?parent=975"}],"curies":[{"name":"wp","href":"https:\/\/api.w.org\/{rel}","templated":true}]}}