{"id":1286,"date":"2024-02-23T15:03:17","date_gmt":"2024-02-23T18:03:17","guid":{"rendered":"http:\/\/anpuhpb.org\/site\/?page_id=1286"},"modified":"2024-12-17T05:45:20","modified_gmt":"2024-12-17T08:45:20","slug":"gt-estudos-de-genero-interseccionalidades-e-feminismos","status":"publish","type":"page","link":"https:\/\/anpuhpb.org\/site\/gt-estudos-de-genero-interseccionalidades-e-feminismos\/","title":{"rendered":"GT Estudos de G\u00eanero, Interseccionalidades e Feminismos"},"content":{"rendered":"\n<h3 class=\"wp-block-heading\"><strong>Bi\u00eanio 2022-2024<\/strong><\/h3>\n\n\n\n<p class=\"has-text-align-center\">Dra. Rosilene Dias Montenegro (coordenadora) <br>Me. Fernanda de Ara\u00fajo Oliveira (vice-coordenadora)<br>Contato: <a href=\"mailto:gtgenero.anpuhpb@gmail.com\">gtgenero.anpuhpb@gmail.com<\/a><br>Instagram: @gtgeneroanpuhpb<\/p>\n\n\n\n<p>O GT de Estudos de G\u00eanero, Interseccionalidades e Feminismos da ANPUH-PB, integrado ao GT Nacional de Estudos de G\u00eanero, surgiu da necessidade de reunir pesquisadoras\/es da tem\u00e1tica e interessadas\/os\/es a n\u00edvel de estado. Tendo em vista a exist\u00eancia de um prof\u00edcuo campo de produ\u00e7\u00e3o e atua\u00e7\u00e3o a partir desse eixo partindo das IES p\u00fablicas e escolas do estado, bem como de grupos de pesquisa em atua\u00e7\u00e3o, o GT de G\u00eanero da ANPUH-PB emergiu, portanto, com a finalidade de reunir pesquisas e pesquisadoras\/es em atua\u00e7\u00e3o desde longa data e que contribuem especialmente ao campo da hist\u00f3ria das mulheres aqui no estado. Diante tamb\u00e9m de iniciativas que inclusive sinalizam para o trato com essa tem\u00e1tica nas fronteiras da hist\u00f3ria p\u00fablica e digital, dos trabalhos apresentados e publicados nos anais dos \u00faltimos encontros estaduais, consideramos essas, quest\u00f5es incontorn\u00e1veis para a historiografia e para o ensino de hist\u00f3ria na atualidade.<\/p>\n\n\n\n<p>Referendado no \u00faltimo Encontro Estadual da ANPUH-PB, o 20\u00ba, realizado de 30 de agosto a 02 de setembro de 2022, conta com a coordena\u00e7\u00e3o de Dayane Nascimento Sobreira (UEPB) e contou inicialmente com a vice coordena\u00e7\u00e3o de Ana Maria Veiga (UFPB), que recentemente ocupou a presid\u00eancia da ANPUH Nacional, tendo sido sucedida por Rosemere Ol\u00edmpio de Santana (UFCG); a primeira, continuando, contudo, integrada ao GT na condi\u00e7\u00e3o de colaboradora.<\/p>\n\n\n\n<p>Um di\u00e1logo ampliado entre as\/os integrantes apontou para possibilidades de a\u00e7\u00f5es futuras, de curto e m\u00e9dio prazo, como a garantia da presen\u00e7a de um simp\u00f3sio tem\u00e1tico proposto pelo GT no evento estadual e tamb\u00e9m articula\u00e7\u00e3o para realiza\u00e7\u00e3o de eventos, palestras e cursos no \u00e2mbito das institui\u00e7\u00f5es (universidades e escolas) em que as\/os\/es integrantes est\u00e3o vinculadas\/os\/es.<\/p>\n\n\n\n<p>No mesmo sentido, discutiu-se a ideia de cria\u00e7\u00e3o de comit\u00eas de monitoramento (espa\u00e7os de escuta, acolhimento e at\u00e9 encaminhamento pr\u00e1tico) relacionados \u00e0s quest\u00f5es de g\u00eanero (ex.: pauta LGBTQIA+, ass\u00e9dio) ou de fortalecimento dos j\u00e1 existentes nas respectivas institui\u00e7\u00f5es. Seguiremos pensando em estrat\u00e9gias para essas realiza\u00e7\u00f5es. Surgiu a ideia de realiza\u00e7\u00e3o de eventos itinerantes, a partir dos quais as escolas poderiam integrar e\/ou sediar tais atividades.<\/p>\n\n\n\n<p>No que se refere \u00e0s pesquisas, h\u00e1 ideia de publica\u00e7\u00e3o de uma colet\u00e2nea com a inten\u00e7\u00e3o de dar visibilidade \u00e0s a\u00e7\u00f5es e pesquisas vinculadas. Bem como a proposta de cria\u00e7\u00e3o de um banco de pesquisas (e de fontes) que tratem de temas afins ao grupo, resultado de teses, disserta\u00e7\u00f5es, orienta\u00e7\u00f5es, etc.<\/p>\n\n\n\n<p><strong>INTEGRANTES:<\/strong><\/p>\n\n\n\n<p>Dayane Nascimento Sobreira (Universidade Federal de Campina Grande) \u2013 coordenadora<br>Rosemere Ol\u00edmpio de Santana (Universidade Federal de Campina Grande) \u2013 vice coordenadora<\/p>\n\n\n\n<p>Alexandre Ara\u00fajo da Silva (RPE &#8211; Mamanguape-PB)<br>Al\u00f4mia Abrantes da Silva (Universidade Estadual da Para\u00edba)<br>Ana Beatriz Ribeiro Barros Silva (Universidade Federal da Para\u00edba)<br>Ana Maria Veiga (Universidade Federal da Para\u00edba)<br>Cinthia Cec\u00edlia de Lima (SEE &#8211; PB)<br>Eduardo Henrique Guimar\u00e3es (Universidade Federal da Para\u00edba)<br>Fernanda de Oliveira Ara\u00fajo (Universidade Federal Rural de Pernambuco)<br>Flaviano Batista Ferreira (Universidade Federal da Para\u00edba)<br>Jadson Pereira Vieira (SME \u2013 Lagoa Seca\/SEE &#8211; PB)<br>Josineide da Silva Bezerra (Universidade Federal da Para\u00edba)<br>JucieneRicarte Apolin\u00e1rio (Universidade Federal de Campina Grande)<br>Leonilia Magalh\u00e3es Mendes (Universidade Federal da Para\u00edba)<br>M\u00e1rcia de Albuquerque Alves (UNIESP)<br>M\u00e1rcia Pereira do Nascimento (SME &#8211; Jo\u00e3o Pessoa-PB)<br>Maria do Carmo Gon\u00e7alves N\u00f3brega Rangel (Universidade Federal da Para\u00edba)<br>Patr\u00edcia Cristina de Arag\u00e3o (Universidade Estadual da Para\u00edba)<br>Regina Maria Rodrigues Behar (Universidade Federal da Para\u00edba)<br>Rosilene Dias Montenegro (Universidade Federal de Campina Grande)<br>Rozeane Porto Diniz (SME &#8211; Olivedos-PB)<br>Solange Mouzinho Alves (SEE &#8211; PB)<br>Solange Pereira da Rocha (Universidade Federal da Para\u00edba)<br>SuryaAaronovich Pombo de Barros (Universidade Federal da Para\u00edba)<br>Susel Oliveira da Rosa (Universidade Estadual da Para\u00edba)<br>Telma Cristina Delgado Dias Fernandes (Universidade Federal da Para\u00edba)<\/p>\n","protected":false},"excerpt":{"rendered":"<p>Bi\u00eanio 2022-2024 Dra. Rosilene Dias Montenegro (coordenadora) Me. Fernanda de Ara\u00fajo Oliveira (vice-coordenadora)Contato: gtgenero.anpuhpb@gmail.comInstagram: @gtgeneroanpuhpb O GT de Estudos de G\u00eanero, Interseccionalidades e Feminismos da ANPUH-PB, integrado ao GT Nacional de Estudos de G\u00eanero, surgiu da necessidade de reunir pesquisadoras\/es da tem\u00e1tica e interessadas\/os\/es a n\u00edvel de estado. Tendo em vista a exist\u00eancia de um&hellip;&nbsp;<a href=\"https:\/\/anpuhpb.org\/site\/gt-estudos-de-genero-interseccionalidades-e-feminismos\/\" rel=\"bookmark\">Continue a ler &raquo;<span class=\"screen-reader-text\">GT Estudos de G\u00eanero, Interseccionalidades e Feminismos<\/span><\/a><\/p>\n","protected":false},"author":2,"featured_media":0,"parent":0,"menu_order":0,"comment_status":"closed","ping_status":"closed","template":"","meta":{"neve_meta_sidebar":"","neve_meta_container":"","neve_meta_enable_content_width":"","neve_meta_content_width":0,"neve_meta_title_alignment":"","neve_meta_author_avatar":"","neve_post_elements_order":"","neve_meta_disable_header":"","neve_meta_disable_footer":"","neve_meta_disable_title":"","footnotes":""},"class_list":["post-1286","page","type-page","status-publish","hentry"],"featured_image_src":null,"_links":{"self":[{"href":"https:\/\/anpuhpb.org\/site\/wp-json\/wp\/v2\/pages\/1286","targetHints":{"allow":["GET"]}}],"collection":[{"href":"https:\/\/anpuhpb.org\/site\/wp-json\/wp\/v2\/pages"}],"about":[{"href":"https:\/\/anpuhpb.org\/site\/wp-json\/wp\/v2\/types\/page"}],"author":[{"embeddable":true,"href":"https:\/\/anpuhpb.org\/site\/wp-json\/wp\/v2\/users\/2"}],"replies":[{"embeddable":true,"href":"https:\/\/anpuhpb.org\/site\/wp-json\/wp\/v2\/comments?post=1286"}],"version-history":[{"count":2,"href":"https:\/\/anpuhpb.org\/site\/wp-json\/wp\/v2\/pages\/1286\/revisions"}],"predecessor-version":[{"id":1309,"href":"https:\/\/anpuhpb.org\/site\/wp-json\/wp\/v2\/pages\/1286\/revisions\/1309"}],"wp:attachment":[{"href":"https:\/\/anpuhpb.org\/site\/wp-json\/wp\/v2\/media?parent=1286"}],"curies":[{"name":"wp","href":"https:\/\/api.w.org\/{rel}","templated":true}]}}