{"id":51,"date":"2021-03-09T07:17:20","date_gmt":"2021-03-09T10:17:20","guid":{"rendered":"http:\/\/anpuhpb.org\/site\/?page_id=51"},"modified":"2023-03-14T06:29:53","modified_gmt":"2023-03-14T09:29:53","slug":"quem-somos","status":"publish","type":"page","link":"https:\/\/anpuhpb.org\/site\/quem-somos\/","title":{"rendered":"Quem Somos"},"content":{"rendered":"\n<ul class=\"wp-block-list\">\n<li>Quem somos n\u00f3s?<\/li>\n<\/ul>\n\n\n\n<p>&nbsp;&nbsp;&nbsp;&nbsp;&nbsp;&nbsp;&nbsp;A ANPUH \u2013 Associa\u00e7\u00e3o Nacional de Hist\u00f3ria, originalmente Associa\u00e7\u00e3o Nacional dos Professores Universit\u00e1rios de Hist\u00f3ria, fundada em 19 de outubro de 1961, na cidade de Mar\u00edlia (SP), \u00e9 uma entidade cient\u00edfica organizada com o prop\u00f3sito de congregar os profissionais de Hist\u00f3ria que atuam no Brasil. Em 1993, a Assembl\u00e9ia Geral Ordin\u00e1ria, realizada por ocasi\u00e3o do XVII Simp\u00f3sio Nacional, em S\u00e3o Paulo-SP, aprovou a mudan\u00e7a de nome da entidade com a inten\u00e7\u00e3o de refletir a maior abrang\u00eancia de seu quadro de associados que inclui, hoje, historiadores que atuam em qualquer \u00e1rea. A \u201cAssocia\u00e7\u00e3o Nacional dos Professores Universit\u00e1rios de Hist\u00f3ria\u201d passou a ser Associa\u00e7\u00e3o Nacional de Hist\u00f3ria, mantendo, por\u00e9m, a sigla que lhe d\u00e1 identidade desde o in\u00edcio da d\u00e9cada de 1960: ANPUH.<\/p>\n\n\n\n<p>&nbsp;&nbsp;&nbsp;&nbsp;&nbsp;&nbsp;&nbsp;Hoje a nossa Associa\u00e7\u00e3o, al\u00e9m da representa\u00e7\u00e3o nacional, sediada em S\u00e3o Paulo, est\u00e1 organizada em Se\u00e7\u00f5es Regionais (antigos N\u00facleos Regionais) correspondentes aos estados da federa\u00e7\u00e3o. S\u00e3o 25 se\u00e7\u00f5es regionais. A representa\u00e7\u00e3o, na Para\u00edba, foi fundada em Jo\u00e3o Pessoa, no ano de 1976, mas s\u00f3 a partir de 1978 come\u00e7ou a ter, de fato, uma atua\u00e7\u00e3o organizada.<\/p>\n\n\n\n<ul class=\"wp-block-list\">\n<li><strong>Quais s\u00e3o os objetivos e as atividades desenvolvidas pela ANPUH?<\/strong><\/li>\n<\/ul>\n\n\n\n<p>&nbsp;&nbsp;&nbsp;&nbsp;&nbsp;&nbsp;&nbsp;Por ser uma Associa\u00e7\u00e3o de car\u00e1ter cient\u00edfico e acad\u00eamico, a ANPUH tem como principais objetivos:<\/p>\n\n\n<ul style=\"padding-left: 1.1em; background-color: #f7d34f; text-align: left; --ub-list-item-icon-top: 3px;; --ub-list-item-icon-size: 0.9em; --ub-list-item-background-image: url('data:image\/svg+xml;utf8,&lt;svg xmlns=&quot;http:\/\/www.w3.org\/2000\/svg&quot; viewBox=&quot;0 0 512 512&quot;&gt;&lt;path fill=&quot;%23000000&quot; d=&quot;M470.6 105.4c12.5 12.5 12.5 32.8 0 45.3l-256 256c-12.5 12.5-32.8 12.5-45.3 0l-128-128c-12.5-12.5-12.5-32.8 0-45.3s32.8-12.5 45.3 0L192 338.7 425.4 105.4c12.5-12.5 32.8-12.5 45.3 0z&quot;&gt;&lt;\/path&gt;&lt;\/svg&gt;'); --ub-list-item-fa-li-top: 3px; --ub-list-item-spacing: 0px; \" class=\"wp-block-ub-styled-list ub_styled_list pad10\" id=\"ub_styled_list-a5a5bc35-c85e-4425-84db-079ee61ebcf1\"><div class=\"ub-block-list__layout\" style=\"text-align: left; column-count: 1; --ub-list-mobile-column-count: 1; \">\n<li class=\"ub_styled_list_item\" style=\"--ub-list-item-icon-top: 3px; --ub-list-item-icon-size: 0.9em; --ub-list-item-background-image: url('data:image\/svg+xml;utf8,&lt;svg xmlns=&quot;http:\/\/www.w3.org\/2000\/svg&quot; viewBox=&quot;0 0 512 512&quot;&gt;&lt;path fill=&quot;%23000000&quot; d=&quot;M470.6 105.4c12.5 12.5 12.5 32.8 0 45.3l-256 256c-12.5 12.5-32.8 12.5-45.3 0l-128-128c-12.5-12.5-12.5-32.8 0-45.3s32.8-12.5 45.3 0L192 338.7 425.4 105.4c12.5-12.5 32.8-12.5 45.3 0z&quot;&gt;&lt;\/path&gt;&lt;\/svg&gt;'); \" id=\"ub-styled-list-item-36f679c7-2a02-48ea-9749-ebe112658bc3\">\n\t\t\t<div class=\"ub_list_item_content\">\n\t\t\t\t<span class=\"ub_list_item_icon\">\n\t\t\t\t\t<svg width=\"0.9em\" height=\"0.9em\" xmlns=\"http:\/\/www.w3.org\/2000\/svg\" viewbox=\"0 0 512 512\"><path fill=\"#000000\" d=\"M470.6 105.4c12.5 12.5 12.5 32.8 0 45.3l-256 256c-12.5 12.5-32.8 12.5-45.3 0l-128-128c-12.5-12.5-12.5-32.8 0-45.3s32.8-12.5 45.3 0L192 338.7 425.4 105.4c12.5-12.5 32.8-12.5 45.3 0z\"><\/path><\/svg>\n\t\t\t\t<\/span>\n\t\t\t\t<span class=\"ub_list_item_text\">o aperfei\u00e7oamento do ensino de Hist\u00f3ria em seus diversos n\u00edveis;<\/span>\n\t\t\t<\/div>\n\t\t\t\n\t\t<\/li>\n\n<li class=\"ub_styled_list_item\" style=\"--ub-list-item-icon-top: 3px; --ub-list-item-icon-size: 0.9em; --ub-list-item-background-image: url('data:image\/svg+xml;utf8,&lt;svg xmlns=&quot;http:\/\/www.w3.org\/2000\/svg&quot; viewBox=&quot;0 0 512 512&quot;&gt;&lt;path fill=&quot;%23000000&quot; d=&quot;M470.6 105.4c12.5 12.5 12.5 32.8 0 45.3l-256 256c-12.5 12.5-32.8 12.5-45.3 0l-128-128c-12.5-12.5-12.5-32.8 0-45.3s32.8-12.5 45.3 0L192 338.7 425.4 105.4c12.5-12.5 32.8-12.5 45.3 0z&quot;&gt;&lt;\/path&gt;&lt;\/svg&gt;'); \" id=\"ub-styled-list-item-ae390534-86de-4b51-9ec9-f690da4dfb8b\">\n\t\t\t<div class=\"ub_list_item_content\">\n\t\t\t\t<span class=\"ub_list_item_icon\">\n\t\t\t\t\t<svg width=\"0.9em\" height=\"0.9em\" xmlns=\"http:\/\/www.w3.org\/2000\/svg\" viewbox=\"0 0 512 512\"><path fill=\"#000000\" d=\"M470.6 105.4c12.5 12.5 12.5 32.8 0 45.3l-256 256c-12.5 12.5-32.8 12.5-45.3 0l-128-128c-12.5-12.5-12.5-32.8 0-45.3s32.8-12.5 45.3 0L192 338.7 425.4 105.4c12.5-12.5 32.8-12.5 45.3 0z\"><\/path><\/svg>\n\t\t\t\t<\/span>\n\t\t\t\t<span class=\"ub_list_item_text\">o estudo, a pesquisa e a divulga\u00e7\u00e3o de temas relacionados \u00e0 Hist\u00f3ria;<\/span>\n\t\t\t<\/div>\n\t\t\t\n\t\t<\/li>\n\n<li class=\"ub_styled_list_item\" style=\"--ub-list-item-icon-top: 3px; --ub-list-item-icon-size: 0.9em; --ub-list-item-background-image: url('data:image\/svg+xml;utf8,&lt;svg xmlns=&quot;http:\/\/www.w3.org\/2000\/svg&quot; viewBox=&quot;0 0 512 512&quot;&gt;&lt;path fill=&quot;%23000000&quot; d=&quot;M470.6 105.4c12.5 12.5 12.5 32.8 0 45.3l-256 256c-12.5 12.5-32.8 12.5-45.3 0l-128-128c-12.5-12.5-12.5-32.8 0-45.3s32.8-12.5 45.3 0L192 338.7 425.4 105.4c12.5-12.5 32.8-12.5 45.3 0z&quot;&gt;&lt;\/path&gt;&lt;\/svg&gt;'); \" id=\"ub-styled-list-item-1afdd8c7-0ab9-4811-85a0-19e605f3b948\">\n\t\t\t<div class=\"ub_list_item_content\">\n\t\t\t\t<span class=\"ub_list_item_icon\">\n\t\t\t\t\t<svg width=\"0.9em\" height=\"0.9em\" xmlns=\"http:\/\/www.w3.org\/2000\/svg\" viewbox=\"0 0 512 512\"><path fill=\"#000000\" d=\"M470.6 105.4c12.5 12.5 12.5 32.8 0 45.3l-256 256c-12.5 12.5-32.8 12.5-45.3 0l-128-128c-12.5-12.5-12.5-32.8 0-45.3s32.8-12.5 45.3 0L192 338.7 425.4 105.4c12.5-12.5 32.8-12.5 45.3 0z\"><\/path><\/svg>\n\t\t\t\t<\/span>\n\t\t\t\t<span class=\"ub_list_item_text\">a defesa das fontes e manifesta\u00e7\u00f5es culturais de interesse dos estudos hist\u00f3ricos;<\/span>\n\t\t\t<\/div>\n\t\t\t\n\t\t<\/li>\n\n<li class=\"ub_styled_list_item\" style=\"--ub-list-item-icon-top: 3px; --ub-list-item-icon-size: 0.9em; --ub-list-item-background-image: url('data:image\/svg+xml;utf8,&lt;svg xmlns=&quot;http:\/\/www.w3.org\/2000\/svg&quot; viewBox=&quot;0 0 512 512&quot;&gt;&lt;path fill=&quot;%23000000&quot; d=&quot;M470.6 105.4c12.5 12.5 12.5 32.8 0 45.3l-256 256c-12.5 12.5-32.8 12.5-45.3 0l-128-128c-12.5-12.5-12.5-32.8 0-45.3s32.8-12.5 45.3 0L192 338.7 425.4 105.4c12.5-12.5 32.8-12.5 45.3 0z&quot;&gt;&lt;\/path&gt;&lt;\/svg&gt;'); \" id=\"ub-styled-list-item-ef9726e7-71f0-4cd6-825f-b39efb43d1c1\">\n\t\t\t<div class=\"ub_list_item_content\">\n\t\t\t\t<span class=\"ub_list_item_icon\">\n\t\t\t\t\t<svg width=\"0.9em\" height=\"0.9em\" xmlns=\"http:\/\/www.w3.org\/2000\/svg\" viewbox=\"0 0 512 512\"><path fill=\"#000000\" d=\"M470.6 105.4c12.5 12.5 12.5 32.8 0 45.3l-256 256c-12.5 12.5-32.8 12.5-45.3 0l-128-128c-12.5-12.5-12.5-32.8 0-45.3s32.8-12.5 45.3 0L192 338.7 425.4 105.4c12.5-12.5 32.8-12.5 45.3 0z\"><\/path><\/svg>\n\t\t\t\t<\/span>\n\t\t\t\t<span class=\"ub_list_item_text\">a defesa do livre exerc\u00edcio das atividades dos profissionais de Hist\u00f3ria;<\/span>\n\t\t\t<\/div>\n\t\t\t\n\t\t<\/li>\n\n<li class=\"ub_styled_list_item\" style=\"--ub-list-item-icon-top: 3px; --ub-list-item-icon-size: 0.9em; --ub-list-item-background-image: url('data:image\/svg+xml;utf8,&lt;svg xmlns=&quot;http:\/\/www.w3.org\/2000\/svg&quot; viewBox=&quot;0 0 512 512&quot;&gt;&lt;path fill=&quot;%23000000&quot; d=&quot;M470.6 105.4c12.5 12.5 12.5 32.8 0 45.3l-256 256c-12.5 12.5-32.8 12.5-45.3 0l-128-128c-12.5-12.5-12.5-32.8 0-45.3s32.8-12.5 45.3 0L192 338.7 425.4 105.4c12.5-12.5 32.8-12.5 45.3 0z&quot;&gt;&lt;\/path&gt;&lt;\/svg&gt;'); \" id=\"ub-styled-list-item-c838db6d-0ea6-4698-868c-c7fe5ec60bad\">\n\t\t\t<div class=\"ub_list_item_content\">\n\t\t\t\t<span class=\"ub_list_item_icon\">\n\t\t\t\t\t<svg width=\"0.9em\" height=\"0.9em\" xmlns=\"http:\/\/www.w3.org\/2000\/svg\" viewbox=\"0 0 512 512\"><path fill=\"#000000\" d=\"M470.6 105.4c12.5 12.5 12.5 32.8 0 45.3l-256 256c-12.5 12.5-32.8 12.5-45.3 0l-128-128c-12.5-12.5-12.5-32.8 0-45.3s32.8-12.5 45.3 0L192 338.7 425.4 105.4c12.5-12.5 32.8-12.5 45.3 0z\"><\/path><\/svg>\n\t\t\t\t<\/span>\n\t\t\t\t<span class=\"ub_list_item_text\">a representa\u00e7\u00e3o da comunidade dos profissionais de Hist\u00f3ria perante inst\u00e2ncias administrativas e legislativas, \u00f3rg\u00e3os financiadores, entidades cient\u00edficas e acad\u00eamicas.<\/span>\n\t\t\t<\/div>\n\t\t\t\n\t\t<\/li>\n<\/div><\/ul>\n\n\n<p>\u00a0\u00a0\u00a0\u00a0\u00a0\u00a0\u00a0Tendo em vista a concretiza\u00e7\u00e3o de seus objetivos, a <strong>ANPUH<\/strong> desenvolve uma s\u00e9rie de estrat\u00e9gias que garantem a promo\u00e7\u00e3o do interc\u00e2mbio de seus associados e entre estes e a sociedade brasileira como um todo. Dentre tais estrat\u00e9gias, destaca-se o incentivo a atividades que visam a defini\u00e7\u00e3o de metas e a\u00e7\u00f5es para a comunidade dos profissionais de hist\u00f3ria, a exemplo de publica\u00e7\u00f5es e da realiza\u00e7\u00e3o de reuni\u00f5es e, principalmente, de eventos cient\u00edficos, que ocorrem periodicamente tanto em \u00e2mbito nacional quanto nas Se\u00e7\u00f5es Regionais. A cada dois anos, a <strong>ANPUH<\/strong> realiza o <a href=\"http:\/\/www.anpuh.org\/conteudo\/simposionacional\">Simp\u00f3sio Nacional de Hist\u00f3ria<\/a>, o maior e mais importante evento da \u00e1rea de hist\u00f3ria no pa\u00eds e na Am\u00e9rica Latina. No intervalo entre dois simp\u00f3sios nacionais, as Se\u00e7\u00f5es Regionais organizam seus encontros estaduais.<\/p>\n\n\n\n<p>\u00a0\u00a0\u00a0\u00a0\u00a0\u00a0\u00a0A\u00a0<strong>Se\u00e7\u00e3o Regional da Para\u00edba<\/strong>\u00a0j\u00e1 realizou\u00a0quinze\u00a0edi\u00e7\u00f5es do seu Encontro Estadual de Hist\u00f3ria, evento que, ao longo deste tempo, se consolidou como o maior do estado e um dos mais importantes da regi\u00e3o Nordeste.\u00a0<\/p>\n\n\n\n<ul class=\"wp-block-list\">\n<li><strong>Por que se filiar \u00e0 ANPUH?<\/strong><\/li>\n<\/ul>\n\n\n\n<p>A ANPUH \u00e9 a entidade mais importante da \u00e1rea de Hist\u00f3ria do pa\u00eds e a \u00fanica a congregar historiadores que atuam em qualquer campo em que o conhecimento hist\u00f3rico seja demandado. A filia\u00e7\u00e3o garante aos s\u00f3cios:<\/p>\n\n\n\n<ul class=\"wp-block-list\">\n<li><strong>Quem pode e como se filiar \u00e0 ANPUH?<\/strong><\/li>\n<\/ul>\n\n\n\n<p>&nbsp;&nbsp;&nbsp;&nbsp;&nbsp;&nbsp;&nbsp;Podem se associar as pessoas graduadas em Hist\u00f3ria, Mestrandos, Doutorandos, Professores Universit\u00e1rios e de Ensino Fundamental e M\u00e9dio.<br>Para tornar-se s\u00f3cio da Associa\u00e7\u00e3o Nacional de Hist\u00f3ria, voc\u00ea dever\u00e1 inicialmente preencher o&nbsp;<a href=\"http:\/\/www.anpuh.org\/pessoa\/novo\">formul\u00e1rio de filia\u00e7\u00e3o<\/a>. Nos dados cadastrais presentes nos campos do formul\u00e1rio, al\u00e9m da informa\u00e7\u00e3o referente ao e-mail e demais informa\u00e7\u00f5es pessoais e institucionais, \u00e9 tamb\u00e9m fundamental o preenchimento do campo \u201cCPF\u201d. Ele ser\u00e1 elemento fundamental para identifica\u00e7\u00e3o do associado.<\/p>\n\n\n\n<p>&nbsp;&nbsp;&nbsp;&nbsp;&nbsp;&nbsp;&nbsp;Completados esses passos, enviaremos, atrav\u00e9s do Sistema, seus dados de acesso contendo seus respectivos&nbsp;login e&nbsp;senha&nbsp;para que possa realizar o acesso \u00e0 \u201c\u00c1rea do Associado\u201d.<\/p>\n\n\n\n<p>&nbsp;&nbsp;&nbsp;&nbsp;&nbsp;&nbsp;&nbsp;A qualquer momento as informa\u00e7\u00f5es de&nbsp;login&nbsp;e&nbsp;senha&nbsp;enviadas, poder\u00e3o ser modificadas na \u00c1rea do Associado atrav\u00e9s do link \u201cAlterar Dados de Acesso\u201d. Recomendamos que realize essa modifica\u00e7\u00e3o na primeira ocasi\u00e3o em que acessar o sistema. Na \u00c1rea do Associado poder\u00e1 ser consultada a situa\u00e7\u00e3o de sua anuidade, sem como os dados para pagamento.<\/p>\n\n\n\n<p>\u00a0\u00a0\u00a0\u00a0\u00a0\u00a0\u00a0<strong>Qual o valor?<\/strong> Para os estudantes de P\u00f3s-Gradua\u00e7\u00e3o e para os Professores da Rede de Ensino Fundamental e M\u00e9dio a anuidade \u00e9 de R$ 90,00. Para os demais Professores e Pesquisadores a taxa cobrada \u00e9 de R$ 270,00.<\/p>\n\n\n\n<p>Os Professores e Pesquisadores que optarem por quitar sua anuidade do ano corrente no in\u00edcio do ano, de 01 de janeiro at\u00e9 o dia 31 de mar\u00e7o, receber\u00e3o um desconto na taxa e pagar\u00e3o a anuidade no valor de R$ 230,00. <\/p>\n\n\n\n<p>O pagamento da anuidade tamb\u00e9m pode ser realizado por cart\u00e3o de cr\u00e9dito, via PagSeguro, o que proporciona ao associado a op\u00e7\u00e3o de parcelar o pagamento. Para ter esta op\u00e7\u00e3o \u00e9 necess\u00e1rio abrir uma conta no PagSeguro.<\/p>\n\n\n\n<ul class=\"wp-block-list\">\n<li><strong>O que s\u00e3o as Delegacias?<\/strong><\/li>\n<\/ul>\n\n\n\n<p>&nbsp;&nbsp;&nbsp;&nbsp;&nbsp;&nbsp;&nbsp;S\u00e3o as representa\u00e7\u00f5es da <strong>ANPUH-PB<\/strong> em cada cidade do estado da Para\u00edba onde h\u00e1 um curso de gradua\u00e7\u00e3o em Hist\u00f3ria. Esse representante \u00e9 o Delegado da <strong>ANPUH-PB<\/strong>, um filiado, eleito em Assembl\u00e9ia Geral, para representar a entidade na sua cidade de atua\u00e7\u00e3o profissional, com mandato simult\u00e2neo ao da diretoria bianual.<\/p>\n\n\n\n<p>&nbsp;&nbsp;&nbsp;&nbsp;&nbsp;&nbsp;&nbsp;S\u00e3o os Delegados que desenvolvem o importante trabalho de divulgar, filiar e fazer todo o contato entre a diretoria da <strong>ANPUH-PB<\/strong> e os filiados naquela cidade.<\/p>\n\n\n\n<p>&nbsp;&nbsp;&nbsp;&nbsp;&nbsp;&nbsp;&nbsp;Atualmente, temos Delegacias nas cidades de Cajazeiras, Campina Grande, Guarabira e Jo\u00e3o Pessoa.<br>&nbsp;<\/p>\n","protected":false},"excerpt":{"rendered":"<p>&nbsp;&nbsp;&nbsp;&nbsp;&nbsp;&nbsp;&nbsp;A ANPUH \u2013 Associa\u00e7\u00e3o Nacional de Hist\u00f3ria, originalmente Associa\u00e7\u00e3o Nacional dos Professores Universit\u00e1rios de Hist\u00f3ria, fundada em 19 de outubro de 1961, na cidade de Mar\u00edlia (SP), \u00e9 uma entidade cient\u00edfica organizada com o prop\u00f3sito de congregar os profissionais de Hist\u00f3ria que atuam no Brasil. Em 1993, a Assembl\u00e9ia Geral Ordin\u00e1ria, realizada por ocasi\u00e3o do&hellip;&nbsp;<a href=\"https:\/\/anpuhpb.org\/site\/quem-somos\/\" rel=\"bookmark\">Continue a ler &raquo;<span class=\"screen-reader-text\">Quem Somos<\/span><\/a><\/p>\n","protected":false},"author":2,"featured_media":0,"parent":0,"menu_order":0,"comment_status":"closed","ping_status":"closed","template":"","meta":{"neve_meta_sidebar":"full-width","neve_meta_container":"","neve_meta_enable_content_width":"on","neve_meta_content_width":100,"neve_meta_title_alignment":"","neve_meta_author_avatar":"","neve_post_elements_order":"","neve_meta_disable_header":"","neve_meta_disable_footer":"","neve_meta_disable_title":"","footnotes":""},"class_list":["post-51","page","type-page","status-publish","hentry"],"featured_image_src":null,"_links":{"self":[{"href":"https:\/\/anpuhpb.org\/site\/wp-json\/wp\/v2\/pages\/51","targetHints":{"allow":["GET"]}}],"collection":[{"href":"https:\/\/anpuhpb.org\/site\/wp-json\/wp\/v2\/pages"}],"about":[{"href":"https:\/\/anpuhpb.org\/site\/wp-json\/wp\/v2\/types\/page"}],"author":[{"embeddable":true,"href":"https:\/\/anpuhpb.org\/site\/wp-json\/wp\/v2\/users\/2"}],"replies":[{"embeddable":true,"href":"https:\/\/anpuhpb.org\/site\/wp-json\/wp\/v2\/comments?post=51"}],"version-history":[{"count":11,"href":"https:\/\/anpuhpb.org\/site\/wp-json\/wp\/v2\/pages\/51\/revisions"}],"predecessor-version":[{"id":1184,"href":"https:\/\/anpuhpb.org\/site\/wp-json\/wp\/v2\/pages\/51\/revisions\/1184"}],"wp:attachment":[{"href":"https:\/\/anpuhpb.org\/site\/wp-json\/wp\/v2\/media?parent=51"}],"curies":[{"name":"wp","href":"https:\/\/api.w.org\/{rel}","templated":true}]}}