{"id":596,"date":"2021-05-07T11:19:50","date_gmt":"2021-05-07T14:19:50","guid":{"rendered":"http:\/\/anpuhpb.org\/site\/?page_id=596"},"modified":"2021-05-07T11:28:36","modified_gmt":"2021-05-07T14:28:36","slug":"xiv-eeph-chamada","status":"publish","type":"page","link":"https:\/\/anpuhpb.org\/site\/encontros-estaduais\/xiv-eeph-chamada\/","title":{"rendered":"XIV EEPH &#8211; Chamada"},"content":{"rendered":"\n<h3 class=\"wp-block-heading\"><strong>XIV ENCONTRO ESTADUAL DE HIST\u00d3RIA DA ANPUH\/PB<\/strong>\u00a0\u00a0\u00a0<\/h3>\n\n\n\n<h4 class=\"wp-block-heading\"><strong>26 a 29 de julho de 2010 &#8211; Jo\u00e3o Pessoa, UFPB<\/strong><br>Hist\u00f3ria, Mem\u00f3ria e Comemora\u00e7\u00f5es<\/h4>\n\n\n\n<p>Prezados colegas anpuanos,<\/p>\n\n\n\n<p>\u00c9 com prazer que informamos que j\u00e1 se encontra no ar, desde o dia 22 de fevereiro de 2010, o site do XIV Encontro Estadual da ANPUH-PB.<\/p>\n\n\n\n<ul class=\"wp-block-list\"><li><strong><a rel=\"noreferrer noopener\" href=\"http:\/\/anpuhpb.org\/docs\/xiveeph_mcs_aprovados.pdf\" target=\"_blank\">LISTA DOS MINI-CURSOS APROVADOS<\/a><\/strong><\/li><li><strong><a rel=\"noreferrer noopener\" href=\"http:\/\/anpuhpb.org\/docs\/xiveeph_sts_aprovados.pdf\" target=\"_blank\">LISTA DOS SIMP\u00d3SIOS TEM\u00c1TICOS APROVADOS<\/a><\/strong><\/li><\/ul>\n\n\n\n<p><strong>CALEND\u00c1RIO: Primeira Etapa<\/strong><\/p>\n\n\n\n<p>Prazo para inscri\u00e7\u00e3o de propostas de Simp\u00f3sios Tem\u00e1ticos e Mini-cursos:<br><strong>27 DE NOVEMBRO DE 2009<\/strong><\/p>\n\n\n\n<p>Regras para o envio de propostas:<\/p>\n\n\n\n<ol class=\"wp-block-list\"><li>Poder\u00e3o encaminhar propostas de Simp\u00f3sios Tem\u00e1ticos e Mini-cursos, os s\u00f3cios da ANPUH(de qualquer sess\u00e3o regional) que estejam quites com a anuidade 2009 e para cada proposta aceita-se at\u00e9 dois proponentes, dos quais, pelo menos um dever\u00e1 ser portador de t\u00edtulo de Doutor.<\/li><li>As propostas, tanto de Simp\u00f3sios tem\u00e1ticos como de Mini-cursos, dever\u00e3o ser feitas por meio de formul\u00e1rio\u00a0 que estar\u00e1 dispon\u00edvel no site a partir de 1\u00ba. de outubro, e devem ser enviados para o e-mail <a href=\"mailto:anpupb@gmail.com\">anpupb@gmail.com<\/a> . Os resumos obedecer\u00e3o \u00e0 seguinte formata\u00e7\u00e3o:<br>Texto justificado; fonte: times new roman, tamanho da fonte 12; espa\u00e7amento: 1,5; dimens\u00e3o: at\u00e9 3.000 caracteres, incluindo espa\u00e7os.<\/li><li><strong><a rel=\"noreferrer noopener\" href=\"http:\/\/anpuhpb.org\/docs\/ficha_inscricao_propostas_sts_mcs.doc\" target=\"_blank\">FICHA PROPOSTA DE SIMP\u00d3SIO TEM\u00c1TICO\/MINICURSO<\/a><\/strong><\/li><\/ol>\n","protected":false},"excerpt":{"rendered":"<p>XIV ENCONTRO ESTADUAL DE HIST\u00d3RIA DA ANPUH\/PB\u00a0\u00a0\u00a0 26 a 29 de julho de 2010 &#8211; Jo\u00e3o Pessoa, UFPBHist\u00f3ria, Mem\u00f3ria e Comemora\u00e7\u00f5es Prezados colegas anpuanos, \u00c9 com prazer que informamos que j\u00e1 se encontra no ar, desde o dia 22 de fevereiro de 2010, o site do XIV Encontro Estadual da ANPUH-PB. LISTA DOS MINI-CURSOS APROVADOS&hellip;&nbsp;<a href=\"https:\/\/anpuhpb.org\/site\/encontros-estaduais\/xiv-eeph-chamada\/\" rel=\"bookmark\">Continue a ler &raquo;<span class=\"screen-reader-text\">XIV EEPH &#8211; Chamada<\/span><\/a><\/p>\n","protected":false},"author":2,"featured_media":0,"parent":571,"menu_order":0,"comment_status":"closed","ping_status":"closed","template":"","meta":{"neve_meta_sidebar":"full-width","neve_meta_container":"","neve_meta_enable_content_width":"on","neve_meta_content_width":100,"neve_meta_title_alignment":"","neve_meta_author_avatar":"","neve_post_elements_order":"","neve_meta_disable_header":"","neve_meta_disable_footer":"","neve_meta_disable_title":"","footnotes":""},"class_list":["post-596","page","type-page","status-publish","hentry"],"featured_image_src":null,"_links":{"self":[{"href":"https:\/\/anpuhpb.org\/site\/wp-json\/wp\/v2\/pages\/596","targetHints":{"allow":["GET"]}}],"collection":[{"href":"https:\/\/anpuhpb.org\/site\/wp-json\/wp\/v2\/pages"}],"about":[{"href":"https:\/\/anpuhpb.org\/site\/wp-json\/wp\/v2\/types\/page"}],"author":[{"embeddable":true,"href":"https:\/\/anpuhpb.org\/site\/wp-json\/wp\/v2\/users\/2"}],"replies":[{"embeddable":true,"href":"https:\/\/anpuhpb.org\/site\/wp-json\/wp\/v2\/comments?post=596"}],"version-history":[{"count":3,"href":"https:\/\/anpuhpb.org\/site\/wp-json\/wp\/v2\/pages\/596\/revisions"}],"predecessor-version":[{"id":602,"href":"https:\/\/anpuhpb.org\/site\/wp-json\/wp\/v2\/pages\/596\/revisions\/602"}],"up":[{"embeddable":true,"href":"https:\/\/anpuhpb.org\/site\/wp-json\/wp\/v2\/pages\/571"}],"wp:attachment":[{"href":"https:\/\/anpuhpb.org\/site\/wp-json\/wp\/v2\/media?parent=596"}],"curies":[{"name":"wp","href":"https:\/\/api.w.org\/{rel}","templated":true}]}}