{"id":627,"date":"2021-05-07T12:44:24","date_gmt":"2021-05-07T15:44:24","guid":{"rendered":"http:\/\/anpuhpb.org\/site\/?page_id=627"},"modified":"2021-07-16T14:14:02","modified_gmt":"2021-07-16T17:14:02","slug":"simposios-nacionais","status":"publish","type":"page","link":"https:\/\/anpuhpb.org\/site\/simposios-nacionais\/","title":{"rendered":"Simp\u00f3sios Nacionais"},"content":{"rendered":"\n<div class=\"wp-block-image\"><figure class=\"aligncenter size-large is-resized\"><a href=\"https:\/\/www.snh2021.anpuh.org\/\" target=\"_blank\" rel=\"noopener\"><img loading=\"lazy\" decoding=\"async\" src=\"https:\/\/anpuhpb.org\/site\/wp-content\/uploads\/2021\/07\/31_SNH_2021-1024x322.png\" alt=\"\" class=\"wp-image-783\" width=\"825\" height=\"259\" srcset=\"https:\/\/anpuhpb.org\/site\/wp-content\/uploads\/2021\/07\/31_SNH_2021-1024x322.png 1024w, https:\/\/anpuhpb.org\/site\/wp-content\/uploads\/2021\/07\/31_SNH_2021-300x94.png 300w, https:\/\/anpuhpb.org\/site\/wp-content\/uploads\/2021\/07\/31_SNH_2021-768x242.png 768w, https:\/\/anpuhpb.org\/site\/wp-content\/uploads\/2021\/07\/31_SNH_2021-1536x483.png 1536w, https:\/\/anpuhpb.org\/site\/wp-content\/uploads\/2021\/07\/31_SNH_2021.png 1997w\" sizes=\"auto, (max-width: 825px) 100vw, 825px\" \/><\/a><\/figure><\/div>\n\n\n\n<figure class=\"wp-block-table is-style-stripes\"><table><tbody><tr><td><a href=\"https:\/\/www.snh2019.anpuh.org\/\" target=\"_blank\" rel=\"noreferrer noopener\"><img loading=\"lazy\" decoding=\"async\" width=\"100\" height=\"152\" class=\"wp-image-788\" style=\"width: 100px;\" src=\"https:\/\/anpuhpb.org\/site\/wp-content\/uploads\/2021\/07\/30_SNH_2021.png\" alt=\"30\u00ba Simp\u00f3sio Nacional de Hist\u00f3ria\"><\/a><\/td><td><strong><a href=\"https:\/\/www.snh2019.anpuh.org\/\" target=\"_blank\" rel=\"noreferrer noopener\">30\u00ba Simp\u00f3sio Nacional de Hist\u00f3ria &#8211; 2019<\/a><\/strong><br><a href=\"https:\/\/www.snh2019.anpuh.org\/site\/anais\" target=\"_blank\" rel=\"noreferrer noopener\">ANAIS<\/a><\/td><\/tr><tr><td><a href=\"https:\/\/www.snh2017.anpuh.org\/\" target=\"_blank\" rel=\"noreferrer noopener\"><img loading=\"lazy\" decoding=\"async\" width=\"100\" height=\"145\" class=\"wp-image-761\" style=\"width: 100px;\" src=\"https:\/\/anpuhpb.org\/site\/wp-content\/uploads\/2021\/07\/639e7e4a80a049000e0b9b31af208204.jpg\" alt=\"XXIX Simp\u00f3sio Nacional de Hist\u00f3ria\"><\/a><\/td><td><strong><a rel=\"noreferrer noopener\" href=\"https:\/\/www.snh2017.anpuh.org\/\" target=\"_blank\">XXIX Simp\u00f3sio Nacional de Hist\u00f3ria<\/a> &#8211; 2017<\/strong><br><a rel=\"noreferrer noopener\" href=\"https:\/\/anpuh.org.br\/index.php\/documentos\/anais\/category-items\/1-anais-simposios-anpuh\/35-snh29\" target=\"_blank\">ANAIS<\/a><\/td><\/tr><tr><td><img loading=\"lazy\" decoding=\"async\" width=\"100\" height=\"145\" class=\"wp-image-770\" style=\"width: 100px;\" src=\"https:\/\/anpuhpb.org\/site\/wp-content\/uploads\/2021\/07\/28_snh_anpuh.jpg\" alt=\"XXVIII Simp\u00f3sio Nacional de Hist\u00f3ria\"><\/td><td><strong><a rel=\"noreferrer noopener\" href=\"http:\/\/www.snh2015.anpuh.org\/site\/capa\" target=\"_blank\">XXVIII Simp\u00f3sio Nacional de Hist\u00f3ria<\/a> &#8211; 2015<\/strong><br><a rel=\"noreferrer noopener\" href=\"https:\/\/anpuh.org.br\/index.php\/documentos\/anais\/category-items\/1-anais-simposios-anpuh\/34-snh28\" target=\"_blank\">ANAIS<\/a><\/td><\/tr><tr><td><img loading=\"lazy\" decoding=\"async\" width=\"100\" height=\"145\" class=\"wp-image-771\" style=\"width: 100px;\" src=\"https:\/\/anpuhpb.org\/site\/wp-content\/uploads\/2021\/07\/27_snh_anpuh.jpg\" alt=\"XXVII Simp\u00f3sio Nacional de Hist\u00f3ria\"><\/td><td><strong><a rel=\"noreferrer noopener\" href=\"http:\/\/www.snh2013.anpuh.org\/\" target=\"_blank\">XXVII Simp\u00f3sio Nacional de Hist\u00f3ria<\/a> &#8211; 2013<\/strong><br><a href=\"https:\/\/anpuh.org.br\/index.php\/documentos\/anais\/category-items\/1-anais-simposios-anpuh\/33-snh27\" target=\"_blank\" rel=\"noreferrer noopener\">ANAIS<\/a><\/td><\/tr><tr><td><a href=\"http:\/\/www.snh2011.anpuh.org\/\" target=\"_blank\" rel=\"noreferrer noopener\"><img loading=\"lazy\" decoding=\"async\" width=\"100\" height=\"141\" class=\"wp-image-765\" style=\"width: 100px;\" src=\"https:\/\/anpuhpb.org\/site\/wp-content\/uploads\/2021\/07\/26_snh_anpuh.jpg\" alt=\"XXVI Simp\u00f3sio Nacional de Hist\u00f3ria\"><\/a><\/td><td><strong><a rel=\"noreferrer noopener\" href=\"http:\/\/www.snh2011.anpuh.org\/\" target=\"_blank\">XXVI Simp\u00f3sio Nacional<\/a> &#8211; 2011<\/strong><br><a href=\"https:\/\/anpuh.org.br\/index.php\/documentos\/anais\/category-items\/1-anais-simposios-anpuh\/32-snh26\" target=\"_blank\" rel=\"noreferrer noopener\">ANAIS<\/a><\/td><\/tr><tr><td><a href=\"http:\/\/www.snh2009.anpuh.org\/\" target=\"_blank\" rel=\"noreferrer noopener\"><img loading=\"lazy\" decoding=\"async\" width=\"100\" height=\"144\" class=\"wp-image-768\" style=\"width: 100px;\" src=\"https:\/\/anpuhpb.org\/site\/wp-content\/uploads\/2021\/07\/25_snh_anpuh.jpg\" alt=\"xxv Simp\u00f3sio Nacional de Hist\u00f3ria\"><\/a><\/td><td><strong><a rel=\"noreferrer noopener\" href=\"http:\/\/www.snh2009.anpuh.org\/\" target=\"_blank\">XXV Simp\u00f3sio Nacional<\/a> &#8211; 2009<\/strong><br><a rel=\"noreferrer noopener\" href=\"https:\/\/anpuh.org.br\/index.php\/documentos\/anais\/category-items\/1-anais-simposios-anpuh\/30-snh25\" target=\"_blank\">ANAIS<\/a><\/td><\/tr><\/tbody><\/table><\/figure>\n\n\n\n<div class=\"wp-block-columns is-layout-flex wp-container-core-columns-is-layout-9d6595d7 wp-block-columns-is-layout-flex\">\n<div class=\"wp-block-column is-layout-flow wp-block-column-is-layout-flow\" style=\"flex-basis:100%\">\n<pre class=\"wp-block-verse has-medium-font-size\">\ud83d\udc49&nbsp;<a rel=\"noreferrer noopener\" href=\"https:\/\/anpuh.org.br\/documentos\/anais\" target=\"_blank\"><strong>ACESSE O DIRET\u00d3RIO DE ANAIS DOS SIMP\u00d3SIOS DA ANPUH BRASIL<\/strong><\/a><\/pre>\n<\/div>\n<\/div>\n\n\n\n<p><\/p>\n","protected":false},"excerpt":{"rendered":"<p>30\u00ba Simp\u00f3sio Nacional de Hist\u00f3ria &#8211; 2019ANAIS XXIX Simp\u00f3sio Nacional de Hist\u00f3ria &#8211; 2017ANAIS XXVIII Simp\u00f3sio Nacional de Hist\u00f3ria &#8211; 2015ANAIS XXVII Simp\u00f3sio Nacional de Hist\u00f3ria &#8211; 2013ANAIS XXVI Simp\u00f3sio Nacional &#8211; 2011ANAIS XXV Simp\u00f3sio Nacional &#8211; 2009ANAIS \ud83d\udc49&nbsp;ACESSE O DIRET\u00d3RIO DE ANAIS DOS SIMP\u00d3SIOS DA ANPUH BRASIL<\/p>\n","protected":false},"author":2,"featured_media":0,"parent":0,"menu_order":0,"comment_status":"closed","ping_status":"closed","template":"","meta":{"neve_meta_sidebar":"full-width","neve_meta_container":"","neve_meta_enable_content_width":"on","neve_meta_content_width":100,"neve_meta_title_alignment":"","neve_meta_author_avatar":"","neve_post_elements_order":"","neve_meta_disable_header":"","neve_meta_disable_footer":"","neve_meta_disable_title":"","footnotes":""},"class_list":["post-627","page","type-page","status-publish","hentry"],"featured_image_src":null,"_links":{"self":[{"href":"https:\/\/anpuhpb.org\/site\/wp-json\/wp\/v2\/pages\/627","targetHints":{"allow":["GET"]}}],"collection":[{"href":"https:\/\/anpuhpb.org\/site\/wp-json\/wp\/v2\/pages"}],"about":[{"href":"https:\/\/anpuhpb.org\/site\/wp-json\/wp\/v2\/types\/page"}],"author":[{"embeddable":true,"href":"https:\/\/anpuhpb.org\/site\/wp-json\/wp\/v2\/users\/2"}],"replies":[{"embeddable":true,"href":"https:\/\/anpuhpb.org\/site\/wp-json\/wp\/v2\/comments?post=627"}],"version-history":[{"count":28,"href":"https:\/\/anpuhpb.org\/site\/wp-json\/wp\/v2\/pages\/627\/revisions"}],"predecessor-version":[{"id":790,"href":"https:\/\/anpuhpb.org\/site\/wp-json\/wp\/v2\/pages\/627\/revisions\/790"}],"wp:attachment":[{"href":"https:\/\/anpuhpb.org\/site\/wp-json\/wp\/v2\/media?parent=627"}],"curies":[{"name":"wp","href":"https:\/\/api.w.org\/{rel}","templated":true}]}}