{"id":838,"date":"2021-08-24T14:44:03","date_gmt":"2021-08-24T17:44:03","guid":{"rendered":"http:\/\/anpuhpb.org\/site\/?page_id=838"},"modified":"2021-08-24T14:48:03","modified_gmt":"2021-08-24T17:48:03","slug":"gt-mundos-do-trabalho-secao-paraiba","status":"publish","type":"page","link":"https:\/\/anpuhpb.org\/site\/gt-mundos-do-trabalho-secao-paraiba\/","title":{"rendered":"GT Mundos do Trabalho \u2013 Se\u00e7\u00e3o Para\u00edba"},"content":{"rendered":"\n<p>Formalmente constitu\u00eddo em 2000, a partir da iniciativa de pesquisadoras\/es reunidos regionalmente no Rio Grande do Sul e em S\u00e3o Paulo desde o ano anterior, o GT Mundos do Trabalho tem se constitu\u00eddo como um dos GTs mais s\u00f3lidos e longevos da ANPUH-Brasil, baseado em diversas se\u00e7\u00f5es estaduais. Ao reunir pesquisadoras\/es brasileiras\/os dedicadas\/os \u00e0s mais diversas quest\u00f5es relacionadas \u00e0 Hist\u00f3ria Social do Trabalho, sua organiza\u00e7\u00e3o tem proporcionado amplos e consistentes debates sobre a hist\u00f3ria da classe trabalhadora em recortes espaciais que articulam discuss\u00f5es em termos regionais, nacionais e transnacionais. Desde 2002, o GT j\u00e1 realizou (at\u00e9 2020) 9 Jornadas Nacionais e 4 Semin\u00e1rios Internacionais, al\u00e9m de alguns encontros estaduais pr\u00f3prios, mantendo presen\u00e7a sempre destacada nos eventos bianuais nacionais e regionais da ANPUH. Tamb\u00e9m criou a Revista Mundos do Trabalho, refer\u00eancia nacional e internacional sobre o tema. Diante do ac\u00famulo verificado em pesquisas desenvolvidas na Para\u00edba, expresso nos encontros estaduais da ANPUH-PB de 2014 a 2020, n\u00f3s, s\u00f3cios abaixo-relacionados, consideramos ter chegando o momento de constituirmos a Se\u00e7\u00e3o Para\u00edba do GT Mundos do Trabalho, a fim de permitir no estado uma maior articula\u00e7\u00e3o e di\u00e1logo entre historiadoras\/es e grupos que desenvolvem pesquisas afins. Para tanto, Assembleia da ANPUH-PB aprovou a constitui\u00e7\u00e3o do GT Mundos do Trabalho \u2013 Se\u00e7\u00e3o Para\u00edba, por sua vez, diretamente integrado ao grupo nacional.&nbsp;<\/p>\n\n\n\n<h3 class=\"wp-block-heading\">Integrantes:<\/h3>\n\n\n\n<p>Ana Beatriz Ribeiro Barros Silva (UFPB \u2013 Coordenadora)&nbsp;<\/p>\n\n\n\n<p>Severino Cabral Filho (UFCG \u2013 Vice-Coordenador)&nbsp;<\/p>\n\n\n\n<p>Ademir Bezerra de Melo Junior (UFPB; UFPE)&nbsp;<\/p>\n\n\n\n<p>Alarcon Agra do \u00d3 (UFCG)&nbsp;<\/p>\n\n\n\n<p>Ana Carolina Monteiro Paiva (UFPB)&nbsp;<\/p>\n\n\n\n<p>Andr\u00e9 Luiz Queiroga Macedo (graduando UFPB)&nbsp;<\/p>\n\n\n\n<p>Arthur Manoel Andrade Barbosa (UFCG)&nbsp;<\/p>\n\n\n\n<p>B\u00e1rbara Maria Costa e Silva (UFPB)&nbsp;<\/p>\n\n\n\n<p>Ciro Caleb Barbosa Gomes (graduando UFPB)&nbsp;<\/p>\n\n\n\n<p>Daniel de Oliveira (UFRPE)&nbsp;<\/p>\n\n\n\n<p>Eltern Campina Vale (UFAL)&nbsp;<\/p>\n\n\n\n<p>Fernando Cauduro Pureza (UFPB)&nbsp;<\/p>\n\n\n\n<p>Giuseppe Emmanuel Lyra Filho (UFPB)<\/p>\n\n\n\n<p>Jos\u00e9 Batista de Lira Neto (UFPB; UFRPE)<\/p>\n\n\n\n<p>Jos\u00e9 Jonas Duarte da Costa (UFPB)&nbsp;&nbsp;<\/p>\n\n\n\n<p>Josinaldo Gomes da Silva (UFCG)&nbsp;<\/p>\n\n\n\n<p>Juliana da Silva Barros (UFPB)<\/p>\n\n\n\n<p>Keliene Christina da Silva (SEDEC-PMJP)<\/p>\n\n\n\n<p>Lidineide Vieira da Costa (UFPB)&nbsp;<\/p>\n\n\n\n<p>Let\u00edcia Helen Silva Teles (UFPB)&nbsp;<\/p>\n\n\n\n<p>M\u00e1rcio Tiago Apr\u00edgio de Figu\u00eairedo (SEE-PB)<\/p>\n\n\n\n<p>Paula Tamyres Ver\u00edssimo da Silva (UFPB)&nbsp;<\/p>\n\n\n\n<p>Ricardo Vicente Filho (graduando UFPB)&nbsp;<\/p>\n\n\n\n<p>Regina Maria Rodrigues Behar (UFPB)&nbsp;<\/p>\n\n\n\n<p>Regina C\u00e9lia Gon\u00e7alves (UFPB)&nbsp;<\/p>\n\n\n\n<p>Rivaldo Amador de Sousa (UFPE)&nbsp;<\/p>\n\n\n\n<p>Tiago Bernardon de Oliveira (UFPB)&nbsp;<\/p>\n\n\n\n<p>Wal\u00e9ria K\u00e1ssia Martins da Silva (UFPB)&nbsp;<\/p>\n\n\n\n<hr class=\"wp-block-separator\"\/>\n\n\n\n<pre class=\"wp-block-verse\"><strong>Link do GT Mundos do Trabalho (ANPUH-Brasil):<\/strong>&nbsp;<a rel=\"noreferrer noopener\" href=\"https:\/\/gtmundosdotrabalho.org\/\" target=\"_blank\"><u>https:\/\/gtmundosdotrabalho.org\/<\/u><\/a><\/pre>\n\n\n\n<hr class=\"wp-block-separator\"\/>\n","protected":false},"excerpt":{"rendered":"<p>Formalmente constitu\u00eddo em 2000, a partir da iniciativa de pesquisadoras\/es reunidos regionalmente no Rio Grande do Sul e em S\u00e3o Paulo desde o ano anterior, o GT Mundos do Trabalho tem se constitu\u00eddo como um dos GTs mais s\u00f3lidos e longevos da ANPUH-Brasil, baseado em diversas se\u00e7\u00f5es estaduais. Ao reunir pesquisadoras\/es brasileiras\/os dedicadas\/os \u00e0s mais&hellip;&nbsp;<a href=\"https:\/\/anpuhpb.org\/site\/gt-mundos-do-trabalho-secao-paraiba\/\" rel=\"bookmark\">Continue a ler &raquo;<span class=\"screen-reader-text\">GT Mundos do Trabalho \u2013 Se\u00e7\u00e3o Para\u00edba<\/span><\/a><\/p>\n","protected":false},"author":2,"featured_media":0,"parent":0,"menu_order":0,"comment_status":"closed","ping_status":"closed","template":"","meta":{"neve_meta_sidebar":"right","neve_meta_container":"","neve_meta_enable_content_width":"on","neve_meta_content_width":72,"neve_meta_title_alignment":"","neve_meta_author_avatar":"","neve_post_elements_order":"","neve_meta_disable_header":"","neve_meta_disable_footer":"","neve_meta_disable_title":"","footnotes":""},"class_list":["post-838","page","type-page","status-publish","hentry"],"featured_image_src":null,"_links":{"self":[{"href":"https:\/\/anpuhpb.org\/site\/wp-json\/wp\/v2\/pages\/838","targetHints":{"allow":["GET"]}}],"collection":[{"href":"https:\/\/anpuhpb.org\/site\/wp-json\/wp\/v2\/pages"}],"about":[{"href":"https:\/\/anpuhpb.org\/site\/wp-json\/wp\/v2\/types\/page"}],"author":[{"embeddable":true,"href":"https:\/\/anpuhpb.org\/site\/wp-json\/wp\/v2\/users\/2"}],"replies":[{"embeddable":true,"href":"https:\/\/anpuhpb.org\/site\/wp-json\/wp\/v2\/comments?post=838"}],"version-history":[{"count":2,"href":"https:\/\/anpuhpb.org\/site\/wp-json\/wp\/v2\/pages\/838\/revisions"}],"predecessor-version":[{"id":840,"href":"https:\/\/anpuhpb.org\/site\/wp-json\/wp\/v2\/pages\/838\/revisions\/840"}],"wp:attachment":[{"href":"https:\/\/anpuhpb.org\/site\/wp-json\/wp\/v2\/media?parent=838"}],"curies":[{"name":"wp","href":"https:\/\/api.w.org\/{rel}","templated":true}]}}