{"id":843,"date":"2021-08-24T14:57:19","date_gmt":"2021-08-24T17:57:19","guid":{"rendered":"http:\/\/anpuhpb.org\/site\/?page_id=843"},"modified":"2021-08-24T17:26:40","modified_gmt":"2021-08-24T20:26:40","slug":"gt-historia-e-poder-politico","status":"publish","type":"page","link":"https:\/\/anpuhpb.org\/site\/gt-historia-e-poder-politico\/","title":{"rendered":"GT Hist\u00f3ria e Poder Pol\u00edtico"},"content":{"rendered":"\n<p><a href=\"http:\/\/anpuhpb.org\/gt\/Relatorio_consubstanciado_gt_hpp.pdf#page=1\"><\/a><a href=\"http:\/\/anpuhpb.org\/gt\/Relatorio_consubstanciado_gt_hpp.pdf#page=2\"><\/a><a href=\"http:\/\/anpuhpb.org\/gt\/Relatorio_consubstanciado_gt_hpp.pdf#page=3\"><\/a><a href=\"http:\/\/anpuhpb.org\/gt\/Relatorio_consubstanciado_gt_hpp.pdf#page=4\"><\/a><a href=\"http:\/\/anpuhpb.org\/gt\/Relatorio_consubstanciado_gt_hpp.pdf#page=5\"><\/a><a href=\"http:\/\/anpuhpb.org\/gt\/Relatorio_consubstanciado_gt_hpp.pdf#page=6\"><\/a><\/p>\n\n\n\n<div class=\"wp-block-image\"><figure class=\"alignleft size-full\"><img loading=\"lazy\" decoding=\"async\" width=\"158\" height=\"249\" src=\"https:\/\/anpuhpb.org\/site\/wp-content\/uploads\/2021\/08\/image.png\" alt=\"\" class=\"wp-image-844\"\/><\/figure><\/div>\n\n\n\n<p><strong>RELAT\u00d3RIO CIRCUNSTANCIADO<\/strong><br><strong>Dados cadastrais:<\/strong> Identifica\u00e7\u00e3o: Grupo de Trabalho em Hist\u00f3ria e Poder Pol\u00edtico \u2013 GTHIPP<br><strong>Coordenadores:<\/strong> Ms. Martinho Guedes dos Santos Neto Dr.. Faustino Teatino Cavalcante Neto <br><strong>Linha de atua\u00e7\u00e3o e Pesquisa:<\/strong><br>O presente GT tem como objetivo atuar de modo a congregar os pesquisadores que trabalham com as rela\u00e7\u00f5es de poder, a cultura pol\u00edtica e as pr\u00e1ticas de poder pol\u00edtico. O poder e a pol\u00edtica em suas intera\u00e7\u00f5es com a sociedade se constituem o eixo norteador desse Grupo de Trabalho.<br><strong>\u00c1rea tem\u00e1tica:<\/strong> Hist\u00f3ria<\/p>\n\n\n\n<div style=\"height:26px\" aria-hidden=\"true\" class=\"wp-block-spacer\"><\/div>\n\n\n\n<h3 class=\"wp-block-heading\">1. NOTA INTRODUT\u00d3RIA<\/h3>\n\n\n\n<p>Por ocasi\u00e3o do XIV Encontro Estadual de Hist\u00f3ria da ANPUH-PB, ocorrido em Jo\u00e3o Pessoa \u2013 PB, entre 26 e 29 de julho de 2010, houve a realiza\u00e7\u00e3o do Simp\u00f3sio Tem\u00e1tico: PODER, POL\u00cdTICA E CULTURA POL\u00cdTICA: TEORIA SOCIAL, HIST\u00d3RIA E HISTORIOGRAFIA, que teve como coordenadores: Faustino Teatino Cavalcante Neto, Martinho Guedes dos Santos Neto e Paulo Henrique Marques de Queiroz Guedes, com a proposta de reunir pesquisadores cujos interesses tem\u00e1ticos e te\u00f3ricos se articulassem com a Hist\u00f3ria do Poder Pol\u00edtico. Ao final do simp\u00f3sio, boa parte de seus participantes reuniram-se para propor um Grupo de Trabalho que congregasse pesquisadores da hist\u00f3ria<br>pol\u00edtica da Para\u00edba (profissionais e\/ou estudantes) para estreitar la\u00e7os acad\u00eamicos e viabilizar projetos de f\u00f3runs, encontros, publica\u00e7\u00f5es e outras atividades que pudessem dar mais visibilidade a recente historiografia do poder pol\u00edtico produzida na Para\u00edba. Este documento sintetiza a proposta de cria\u00e7\u00e3o do referido Grupo de Trabalho, estabelecendo suas propostas, objetivos, organicidade e composi\u00e7\u00e3o inicial dos pesquisadores.<\/p>\n\n\n\n<h3 class=\"wp-block-heading\">2. HIST\u00d3RICO DA FORMA\u00c7\u00c3O<\/h3>\n\n\n\n<p>A cria\u00e7\u00e3o do GT em Hist\u00f3ria do Poder Pol\u00edtico se deu em 28 de julho de 2010, durante o XIV Encontro Estadual de Hist\u00f3ria da ANPUH-PB, realizado em Jo\u00e3o Pessoa \u2013 PB, de 26 a 29 de julho. Na ocasi\u00e3o reuniram-se pesquisadores\/as de diferentes cidades da Para\u00edba, vinculados ao campo do poder pol\u00edtico, com o objetivo de iniciar a forma\u00e7\u00e3o de um Grupo de Trabalho de \u00e2mbito estadual. A reuni\u00e3o contou com a presen\u00e7a dos seguintes pesquisadores\/as: Faustino Teatino Cavalcante Neto, Ana Beatriz Ribeiro Barros Silva, Josineide da Silva Bezerra, Martinho Guedes dos Santos Neto, Paulo Henrique Marques de Queiroz Guedes, Jos\u00e9 Luciano de Queiroz Aires e Simone da Silva Costa. O professor Faustino Teatino Cavalcante Neto deu in\u00edcio aos trabalhos e tomou nota das decis\u00f5es da reuni\u00e3o: o nome do Grupo de Trabalho; membros participantes; estrat\u00e9gias de visibilidade e comunicabilidade; v\u00ednculo institucional; e estrat\u00e9gias de publica\u00e7\u00f5es. A proposi\u00e7\u00e3o\/cria\u00e7\u00e3o do GT em Hist\u00f3ria do Poder Pol\u00edtico \u00e9, portanto, o aprofundamento das discuss\u00f5es vigentes nesse campo de estudo, privilegiando tanto o enfoque te\u00f3rico-metodol\u00f3gico quanto o das pesquisas emp\u00edricas. A partir dele, pretende-se<br>estimular o debate acerca das diversas abordagens de pesquisa hist\u00f3rica sobre Poder Pol\u00edtico, constituindo-se em espa\u00e7o de interlocu\u00e7\u00e3o acad\u00eamica e, assim, contribuir para o esclarecimento, a cr\u00edtica e a divulga\u00e7\u00e3o dos aportes te\u00f3ricos, metodol\u00f3gicos, conceituais e emp\u00edricos que t\u00eam informado as an\u00e1lises nesse campo. Inicialmente, a proposta de cria\u00e7\u00e3o do GT focalizou a hist\u00f3ria do poder pol\u00edtico paraibano, contudo, diante da necessidade de promover um debate amplo sobre o poder pol\u00edtico, o GT em Hist\u00f3ria do Poder Pol\u00edtico prop\u00f5e a constru\u00e7\u00e3o de um espa\u00e7o de debate que congregue pesquisadores do poder e da politica, n\u00e3o necessariamente, focado na hist\u00f3ria do poder pol\u00edtico paraibano. Com esse objetivo o Grupo de trabalho em Hist\u00f3ria do Poder Pol\u00edtico \u2013 GTHIPP pretende ser estruturado em torno da discuss\u00e3o acerca do Poder Pol\u00edtico em suas manifesta\u00e7\u00f5es e rela\u00e7\u00f5es com o estado e a sociedade.<\/p>\n\n\n\n<h3 class=\"wp-block-heading\">3. RELEV\u00c2NCIA ACAD\u00caMICA DO CAMPO DE ESTUDO<\/h3>\n\n\n\n<p>O Grupo de Trabalho em Hist\u00f3ria do Poder Pol\u00edtico &#8211; GTHIPP foi criado em julho de 2010, para investigar um amplo repert\u00f3rio de tem\u00e1ticas referidas \u00e0 hist\u00f3ria pol\u00edtica. Coordenado, na ocasi\u00e3o, pelos professores Faustino Teatino Cavalcante Neto, Martinho Guedes dos Santos Neto e Paulo Henrique Marques de Queiroz Guedes, concentra suas atividades nas \u00e1reas de especializa\u00e7\u00e3o tradicionalmente referidas pelo CNPq como \u201cEstado e Governo\u201d (Estrutura e Transforma\u00e7\u00e3o do Estado; Sistemas Governamentais Comparados; Rela\u00e7\u00f5es Intergovernamentais; Estudos do Poder Local; Institui\u00e7\u00f5es Governamentais Espec\u00edficas) e \u201cComportamento Pol\u00edtico\u201d (Estudos Eleitorais e Partidos Pol\u00edticos; Atitude e Ideologias Pol\u00edticas; Conflitos e Coaliz\u00f5es Pol\u00edticas; Comportamento Legislativo; Classes Sociais e Grupos de Interesse), bem como as novas abordagens (Representa\u00e7\u00f5es, imagin\u00e1rio, tramas e teatraliza\u00e7\u00f5es do pol\u00edtico, mitos e mitologias pol\u00edticas, rela\u00e7\u00f5es de poder, etc.). A unidade pretendida pelo trabalho do GT em Hist\u00f3ria do Poder Pol\u00edtico &#8211; GTHIPP d\u00e1-se em dois n\u00edveis. Em primeiro lugar, em fun\u00e7\u00e3o de uma tem\u00e1tica espec\u00edfica: a Hist\u00f3ria do Poder Pol\u00edtico. Em segundo lugar, como resultado da abordagem: debates e pesquisas sobre teoria e metodologia da Hist\u00f3ria, historiografia pol\u00edtica, antropologia pol\u00edtica, sociologia pol\u00edtica e ci\u00eancia pol\u00edtica. A proposta de cria\u00e7\u00e3o do GT em Hist\u00f3ria do Poder Pol\u00edtico se justifica em decorr\u00eancia da crescente reflex\u00e3o acerca da natureza do poder pol\u00edtico enquanto problema hist\u00f3rico. Trata-se assim, de pensar o sistema de poder pol\u00edtico como objeto recortado<br>(mas de modo algum dissociado) de outros sistemas de poder (econ\u00f4mico, simb\u00f3lico, dentre outros). Neste sentido, pensa-se o poder pol\u00edtico na hist\u00f3ria como objeto de investiga\u00e7\u00e3o, enquanto estrat\u00e9gia social corporificada nas pr\u00e1ticas, comportamentos e normas de conduta que variam em sua natureza de acordo com diferentes espa\u00e7os e temporalidades. Vale salientar que a chamada \u201cnova hist\u00f3ria francesa\u201d acentuou ainda mais a dist\u00e2ncia em rela\u00e7\u00e3o \u00e0 \u201chistoriografia tradicional\u201d, ao passo que ajudou a reabilitar, por outros caminhos, a hist\u00f3ria do poder e da pol\u00edtica. Essa \u201cnova hist\u00f3ria do poder pol\u00edtico\u201d \u2013 resultado de certa rea\u00e7\u00e3o \u00e0 hist\u00f3ria estruturalista caracter\u00edstica da segunda gera\u00e7\u00e3o da Escola dos Annales \u2013, seja ela braudeliana ou marxista, come\u00e7ou por problematizar o conceito de pol\u00edtica, sendo o resultado dessa redefini\u00e7\u00e3o uma ampla renova\u00e7\u00e3o tem\u00e1tica voltada para entendimento do poder fora das institui\u00e7\u00f5es propriamente pol\u00edticas, em um movimento que vinculou o poder pol\u00edtico ao cotidiano na an\u00e1lise historiogr\u00e1fica. Situando, portanto, a nossa proposta de cria\u00e7\u00e3o de um Grupo de Trabalho no amplo campo da hist\u00f3ria do poder pol\u00edtico, torna-se imprescind\u00edvel desenvolver discuss\u00f5es que destaquem as abordagens que privilegiam as m\u00faltiplas faces do poder pol\u00edtico na hist\u00f3ria e os seus atores sociais no exerc\u00edcio do poder.<\/p>\n\n\n\n<h3 class=\"wp-block-heading\">4. OBJETIVOS DO GRUPO:<\/h3>\n\n\n\n<p>4.1. Congregar professores, pesquisadores e estudantes com interesse na \u00e1rea da Hist\u00f3ria Pol\u00edtica, ou seja, constituir uma rede de estudos em Hist\u00f3ria do Poder Pol\u00edtico; <br>4.2. Promover a visibilidade dos estudos em Hist\u00f3ria do Poder Pol\u00edtico atrav\u00e9s de f\u00f3runs de discuss\u00e3o \u00e0 dist\u00e2ncia, promo\u00e7\u00e3o de encontros\/simp\u00f3sio, publica\u00e7\u00f5es, dentre outros; <br>4.3. Desenvolver e manter um site hospedado no portal da ANPUH-PB com o objetivo de criar instrumentos para circula\u00e7\u00e3o de informa\u00e7\u00f5es entre os participantes, bem como sobre eventos, livros, pesquisas, editais e outros assuntos que interessam aos pesquisadores\/as dos estudos em Hist\u00f3ria e Poder Pol\u00edtico; <br>4.4. Participar como GT de encontros cient\u00edficos garantindo desta forma espa\u00e7os regulares para apresenta\u00e7\u00e3o e discuss\u00e3o da produ\u00e7\u00e3o nesse campo de estudo, privilegiando os encontros regionais e nacionais da ANPUH; 4.5. Estabelecer um circuito de informa\u00e7\u00f5es, partilhando entre os profissionais da \u00e1rea as refer\u00eancias e alternativas de forma\u00e7\u00e3o, pesquisa e difus\u00e3o acess\u00edveis, especialmente aquelas geradas a partir da a\u00e7\u00e3o de seus integrantes; <br>4.6. Viabilizar trocas de informa\u00e7\u00f5es, participa\u00e7\u00e3o organizada com mesa redonda, comunica\u00e7\u00f5es coordenadas e minicursos em encontros estaduais, regionais, nacionais e internacionais que busquem discutir a tem\u00e1tica, a fim de participar do evento de uma forma articulada e n\u00e3o pulverizada.<\/p>\n\n\n\n<h3 class=\"wp-block-heading\">5. OBJETIVOS DE A\u00c7\u00c3O E PESQUISA:<\/h3>\n\n\n\n<p>5.3. Fomentar a elabora\u00e7\u00e3o de projetos coletivos de pesquisa que integrem pesquisadores vinculados a diversas institui\u00e7\u00f5es; <br>5.1. Programar a divulga\u00e7\u00e3o dos trabalhos em dossi\u00eas\/revistas tem\u00e1ticas e publica\u00e7\u00e3o em colet\u00e2neas; <br>5.2. Criar instrumentos de aproxima\u00e7\u00e3o junto ao ensino de gradua\u00e7\u00e3o e p\u00f3s-gradua\u00e7\u00e3o; <br>5.4. Inventariar acervos e fontes no \u00e2mbito da Para\u00edba e outros estados, e disponibilizar refer\u00eancias de interesse para os trabalhos no campo da hist\u00f3ria pol\u00edtica; 5.5 Atuar no trip\u00e9 indissoci\u00e1vel pesquisa, ensino e extens\u00e3o, de modo a agir junto \u00e0 Educa\u00e7\u00e3o B\u00e1sica, por meio de forma\u00e7\u00e3o do profissional de Hist\u00f3ria e elabora\u00e7\u00e3o de material did\u00e1tico na linha de Hist\u00f3ria Pol\u00edtica.<\/p>\n\n\n\n<h3 class=\"wp-block-heading\">6. RELA\u00c7\u00c3O DOS PARTICIPANTES E PERFIL PROFISSIONAL<\/h3>\n\n\n\n<figure class=\"wp-block-table alignwide is-style-stripes\"><table><thead><tr><th>N\u00ba<\/th><th>NOME<\/th><th>VINCULA\u00c7\u00c3O INSTITUCIONAL<\/th><\/tr><\/thead><tbody><tr><td>01<\/td><td>Ana Beatriz Ribeiro Barros Silva<\/td><td>Cultura Inglesa \u2013 Jo\u00e3o Pessoa<\/td><\/tr><tr><td>02<\/td><td>Carmelo Ribeiro do Nascimento Filho<\/td><td>PMJP \u2013 Jo\u00e3o Pessoa<\/td><\/tr><tr><td>03<\/td><td>Fabr\u00edcio de Sousa Morais<\/td><td>UEPB \u2013 Guarabira<\/td><\/tr><tr><td>04<\/td><td>Faustino Teatino Cavalcante Neto<\/td><td>UEPB \u2013 Campina Grande<\/td><\/tr><tr><td>05<\/td><td>Genes Duarte Ribeiro<\/td><td>EEEFMMEC \u2013 Jo\u00e3o Pessoa<\/td><\/tr><tr><td>06<\/td><td>Giulianne Chishina Barros dos Anjos<\/td><td>FALC \u2013 Campina Grande<\/td><\/tr><tr><td>07<\/td><td>Jos\u00e9 Luciano de Queiroz Aires<\/td><td>UFCG \u2013 Sum\u00e9<\/td><\/tr><tr><td>08<\/td><td>Josineide da Silva Bezerra<\/td><td>UFPB \u2013 Bananeiras<\/td><\/tr><tr><td>09<\/td><td>Jivago Correia Barbosa<\/td><td>UFPB \u2013 Jo\u00e3o Pessoa<\/td><\/tr><tr><td>10<\/td><td>Maria Lucinete Fortunato<\/td><td>UFCG &#8211; Cajazeiras<\/td><\/tr><tr><td>11<\/td><td>Martinho Guedes dos Santos Neto<\/td><td>UEPB \u2013 Guarabira<\/td><\/tr><tr><td>12<\/td><td>Maximiano Lopes Machado<\/td><td>FIP \u2013 Patos<\/td><\/tr><tr><td>13<\/td><td>Paulo Henrique Marques de Queiroz Guedes<\/td><td>IFPE \u2013 Belo Jardim<\/td><\/tr><tr><td>14<\/td><td>Roberto Barros Dias<\/td><td>CETEC \u2013 Jo\u00e3o Pessoa<\/td><\/tr><tr><td>15<\/td><td>Railane Martins de Ara\u00fajo<\/td><td>PMCG \u2013 Campina Grande<\/td><\/tr><tr><td>16<\/td><td>Simone da Silva Costa<\/td><td>PMSR \u2013 Santa Rita<\/td><\/tr><\/tbody><\/table><\/figure>\n\n\n\n<h3 class=\"wp-block-heading\">7. PROGRAMA GERAL DE ATIVIDADES BI\u00caNIO 2012\/2014:<\/h3>\n\n\n\n<ul class=\"wp-block-list\"><li>Criar e-mail coletivo do GT e informar da institucionaliza\u00e7\u00e3o e delibera\u00e7\u00f5es tomadas; <\/li><li>Atualizar \u00e1 p\u00e1gina da ANPUH-PB com o link do GT; <\/li><li>Criar um Blog e postar trabalhos dos membros (livros, teses, disserta\u00e7\u00f5es e artigos publicados dos membros); <\/li><li> Criar igual grupo no FACEBOOK; <\/li><li> Realizar reuni\u00f5es menores (em JP, com o pessoal de l\u00e1, e em CG, com os membros de l\u00e1) e socializar com quem n\u00e3o esteve presente para se posicionar sobre as delibera\u00e7\u00f5es; <\/li><li> Ver se os membros s\u00e3o vinculados e n\u00e3o inadimplentes com a ANPUH-PB; <\/li><li>Credenciar-se junto \u00e0 ANPUH-PB mediante a apresenta\u00e7\u00e3o de relat\u00f3rio circunstanciado; <\/li><li>Apresenta\u00e7\u00e3o de proposta de atividades no XVII Simp\u00f3sio Nacional de Hist\u00f3ria (2013) e no XVI Encontro Estadual de Hist\u00f3ria (2014); <\/li><li>Publica\u00e7\u00e3o de obras resultantes de pesquisas dos associados ao GT.<\/li><\/ul>\n\n\n\n<h3 class=\"wp-block-heading\">8. PER\u00cdODO DE VIG\u00caNCIA<\/h3>\n\n\n\n<p>O per\u00edodo de vig\u00eancia do GT em Hist\u00f3ria do Poder Pol\u00edtico &#8211; Para\u00edba \u00e9, a princ\u00edpio,indeterminado e mant\u00e9m-se aberto \u00e0 participa\u00e7\u00e3o de outros s\u00f3cios.<\/p>\n\n\n\n<h3 class=\"wp-block-heading\">9. COORDENA\u00c7\u00c3O (2012-1014)<\/h3>\n\n\n\n<p>Martinho Guedes dos Santos Neto \u2013 Coordenador <br>Faustino Teatino Cavalcante Neto \u2013 Vice-coordenador<\/p>\n\n\n\n<h3 class=\"wp-block-heading\">10. CONTATO<\/h3>\n\n\n\n<p>O contato principal do GT \u00e9: <a href=\"mailto:gthipp@hotmail.com\">gthipp@hotmail.com<\/a><\/p>\n","protected":false},"excerpt":{"rendered":"<p>RELAT\u00d3RIO CIRCUNSTANCIADODados cadastrais: Identifica\u00e7\u00e3o: Grupo de Trabalho em Hist\u00f3ria e Poder Pol\u00edtico \u2013 GTHIPPCoordenadores: Ms. Martinho Guedes dos Santos Neto Dr.. Faustino Teatino Cavalcante Neto Linha de atua\u00e7\u00e3o e Pesquisa:O presente GT tem como objetivo atuar de modo a congregar os pesquisadores que trabalham com as rela\u00e7\u00f5es de poder, a cultura pol\u00edtica e as pr\u00e1ticas&hellip;&nbsp;<a href=\"https:\/\/anpuhpb.org\/site\/gt-historia-e-poder-politico\/\" rel=\"bookmark\">Continue a ler &raquo;<span class=\"screen-reader-text\">GT Hist\u00f3ria e Poder Pol\u00edtico<\/span><\/a><\/p>\n","protected":false},"author":2,"featured_media":0,"parent":0,"menu_order":0,"comment_status":"closed","ping_status":"closed","template":"","meta":{"neve_meta_sidebar":"right","neve_meta_container":"","neve_meta_enable_content_width":"on","neve_meta_content_width":72,"neve_meta_title_alignment":"","neve_meta_author_avatar":"","neve_post_elements_order":"","neve_meta_disable_header":"","neve_meta_disable_footer":"","neve_meta_disable_title":"","footnotes":""},"class_list":["post-843","page","type-page","status-publish","hentry"],"featured_image_src":null,"_links":{"self":[{"href":"https:\/\/anpuhpb.org\/site\/wp-json\/wp\/v2\/pages\/843","targetHints":{"allow":["GET"]}}],"collection":[{"href":"https:\/\/anpuhpb.org\/site\/wp-json\/wp\/v2\/pages"}],"about":[{"href":"https:\/\/anpuhpb.org\/site\/wp-json\/wp\/v2\/types\/page"}],"author":[{"embeddable":true,"href":"https:\/\/anpuhpb.org\/site\/wp-json\/wp\/v2\/users\/2"}],"replies":[{"embeddable":true,"href":"https:\/\/anpuhpb.org\/site\/wp-json\/wp\/v2\/comments?post=843"}],"version-history":[{"count":6,"href":"https:\/\/anpuhpb.org\/site\/wp-json\/wp\/v2\/pages\/843\/revisions"}],"predecessor-version":[{"id":856,"href":"https:\/\/anpuhpb.org\/site\/wp-json\/wp\/v2\/pages\/843\/revisions\/856"}],"wp:attachment":[{"href":"https:\/\/anpuhpb.org\/site\/wp-json\/wp\/v2\/media?parent=843"}],"curies":[{"name":"wp","href":"https:\/\/api.w.org\/{rel}","templated":true}]}}