{"id":860,"date":"2021-08-24T16:06:30","date_gmt":"2021-08-24T19:06:30","guid":{"rendered":"http:\/\/anpuhpb.org\/site\/?page_id=860"},"modified":"2021-08-24T16:17:40","modified_gmt":"2021-08-24T19:17:40","slug":"gt-de-historia-ambiental-na-paraiba","status":"publish","type":"page","link":"https:\/\/anpuhpb.org\/site\/gt-de-historia-ambiental-na-paraiba\/","title":{"rendered":"GT de Hist\u00f3ria Ambiental na Para\u00edba"},"content":{"rendered":"\n<p><strong>OBJETIVO:<\/strong> Estruturar Grupo de Trabalho na Para\u00edba com a finalidade de convergir<br>esfor\u00e7os no sentido de contribuir com a aproxima\u00e7\u00e3o entre os pesquisadores e o<br>conhecimento de suas respectivas produ\u00e7\u00f5es.<\/p>\n\n\n\n<p><strong>JUSTIFICATIVA:<\/strong> Integrar o Grupo de Estudos em Hist\u00f3ria, Meio Ambiente e<br>Quest\u00f5es \u00c9tnicas com o grupo maior de Hist\u00f3ria Ambiental da ANPUH Nacional.<br>Trata-se de um grupo de pesquisas ligado \u00e0 linha \u201cCultura Poder e Identidades\u201d do<br>Mestrado em Hist\u00f3ria da Universidade Federal de Campina Grande (UFCG) e \u00e0 Linha<br>\u201cSociedade e Recursos Naturais\u201d, do Mestrado\/Doutorado Interdisciplinar em<br>Recursos Naturais da Mesma Institui\u00e7\u00e3o, procurando seguir um programa<br>interdisciplinar pr\u00f3prio \u00e0 proposta te\u00f3rico-metodol\u00f3gica das lides da<br>chamada Hist\u00f3ria Ambiental.<br>Re\u00fane pesquisadores de diversas \u00e1reas das ci\u00eancias do homem e das ci\u00eancias da<br>natureza e da vida, quais sejam, primordialmente, historiadores dedicados aos estudos<br>das rela\u00e7\u00f5es entre Hist\u00f3ria, Sociedade, etnia e Natureza, mas, tamb\u00e9m, etnobi\u00f3logos<br>bioge\u00f3grafos e ge\u00f3grafos f\u00edsicos, fil\u00f3sofos, soci\u00f3logos, entre outros. Promovendo a<br>intera\u00e7\u00e3o e troca de experi\u00eancias entre diferentes gera\u00e7\u00f5es, n\u00edveis de trabalho e<br>Unidades Acad\u00eamicas, favorecendo o necess\u00e1rio di\u00e1logo interdisciplinar entre os<br>estudiosos do meio ambiente, congregava, ao ser fundado, em 2007, os orientandos e<br>colegas dos dois programas de P\u00f3s Gradua\u00e7\u00e3o nos quais atua o fundador do Grupo,<br>Prof. Dr. Jos\u00e9 Ot\u00e1vio Aguiar.<br>Com o tempo, veio a valorosa contribui\u00e7\u00e3o de outros colegas pelo Brasil, bem como<br>de numerosos orientandos de programas como o PIBIC\/CNPq e o Probex\/UFCG, do<br>curso de Gradua\u00e7\u00e3o em Hist\u00f3ria da UFCG. Hoje o grupo conta com a dire\u00e7\u00e3o dos<br>professores Jos\u00e9 Ot\u00e1vio Aguiar, Juciene Ricarte Apolin\u00e1rio e Francisco Henrique<br>Duarte Filho, com reuni\u00f5es peri\u00f3dicas realizadas de forma itinerante, aproximando<br>grupos de discuss\u00e3o na UFCG, nas sedes do Ibama, na Universidade Estadual da<br>Para\u00edba (UEPB), nas ONGs ambientalistas, etc. Em sua hist\u00f3ria, o grupo j\u00e1 conta com<br>uma rica produ\u00e7\u00e3o em livros, artigos cient\u00edficos, Cds, artigos e podcasts que<br>promovem a parceria e a intera\u00e7\u00e3o entre seus membros desde 2008.<\/p>\n\n\n\n<p><strong>LINHAS DE PESQUISA<\/strong><\/p>\n\n\n\n<ul class=\"wp-block-list\"><li>Direito Ambiental<\/li><li>Educa\u00e7\u00e3o ambiental<\/li><li>Etnohist\u00f3ria e Meio Ambiente: hist\u00f3ria ind\u00edgena e do negro no Brasil<\/li><li>Hist\u00f3ria Ambiental<\/li><li>Hist\u00f3ria da Biologia ( etnobot\u00e2nica e etnozoologia)<\/li><li>Hist\u00f3ria das Viagens Cient\u00edficas<\/li><li>Meio Ambiente e Hist\u00f3ria da Alimenta\u00e7\u00e3o<\/li><li>Sociedade e Recursos Naturais<\/li><\/ul>\n\n\n\n<p><strong>COMPONENTES GT HIST\u00d3RIA AMBIENTAL ANPUH &#8211; PARA\u00cdBA<\/strong><\/p>\n\n\n\n<figure class=\"wp-block-image size-full\"><img loading=\"lazy\" decoding=\"async\" width=\"685\" height=\"508\" src=\"https:\/\/anpuhpb.org\/site\/wp-content\/uploads\/2021\/08\/image-1.png\" alt=\"\" class=\"wp-image-867\" srcset=\"https:\/\/anpuhpb.org\/site\/wp-content\/uploads\/2021\/08\/image-1.png 685w, https:\/\/anpuhpb.org\/site\/wp-content\/uploads\/2021\/08\/image-1-300x222.png 300w\" sizes=\"auto, (max-width: 685px) 100vw, 685px\" \/><\/figure>\n","protected":false},"excerpt":{"rendered":"<p>OBJETIVO: Estruturar Grupo de Trabalho na Para\u00edba com a finalidade de convergiresfor\u00e7os no sentido de contribuir com a aproxima\u00e7\u00e3o entre os pesquisadores e oconhecimento de suas respectivas produ\u00e7\u00f5es. JUSTIFICATIVA: Integrar o Grupo de Estudos em Hist\u00f3ria, Meio Ambiente eQuest\u00f5es \u00c9tnicas com o grupo maior de Hist\u00f3ria Ambiental da ANPUH Nacional.Trata-se de um grupo de pesquisas&hellip;&nbsp;<a href=\"https:\/\/anpuhpb.org\/site\/gt-de-historia-ambiental-na-paraiba\/\" rel=\"bookmark\">Continue a ler &raquo;<span class=\"screen-reader-text\">GT de Hist\u00f3ria Ambiental na Para\u00edba<\/span><\/a><\/p>\n","protected":false},"author":2,"featured_media":0,"parent":0,"menu_order":0,"comment_status":"closed","ping_status":"closed","template":"","meta":{"neve_meta_sidebar":"right","neve_meta_container":"","neve_meta_enable_content_width":"on","neve_meta_content_width":72,"neve_meta_title_alignment":"","neve_meta_author_avatar":"","neve_post_elements_order":"","neve_meta_disable_header":"","neve_meta_disable_footer":"","neve_meta_disable_title":"","footnotes":""},"class_list":["post-860","page","type-page","status-publish","hentry"],"featured_image_src":null,"_links":{"self":[{"href":"https:\/\/anpuhpb.org\/site\/wp-json\/wp\/v2\/pages\/860","targetHints":{"allow":["GET"]}}],"collection":[{"href":"https:\/\/anpuhpb.org\/site\/wp-json\/wp\/v2\/pages"}],"about":[{"href":"https:\/\/anpuhpb.org\/site\/wp-json\/wp\/v2\/types\/page"}],"author":[{"embeddable":true,"href":"https:\/\/anpuhpb.org\/site\/wp-json\/wp\/v2\/users\/2"}],"replies":[{"embeddable":true,"href":"https:\/\/anpuhpb.org\/site\/wp-json\/wp\/v2\/comments?post=860"}],"version-history":[{"count":4,"href":"https:\/\/anpuhpb.org\/site\/wp-json\/wp\/v2\/pages\/860\/revisions"}],"predecessor-version":[{"id":868,"href":"https:\/\/anpuhpb.org\/site\/wp-json\/wp\/v2\/pages\/860\/revisions\/868"}],"wp:attachment":[{"href":"https:\/\/anpuhpb.org\/site\/wp-json\/wp\/v2\/media?parent=860"}],"curies":[{"name":"wp","href":"https:\/\/api.w.org\/{rel}","templated":true}]}}