{"id":876,"date":"2021-09-14T08:53:35","date_gmt":"2021-09-14T11:53:35","guid":{"rendered":"http:\/\/anpuhpb.org\/site\/?page_id=876"},"modified":"2021-09-21T15:23:32","modified_gmt":"2021-09-21T18:23:32","slug":"documentos","status":"publish","type":"page","link":"https:\/\/anpuhpb.org\/site\/documentos\/","title":{"rendered":"Documentos"},"content":{"rendered":"\n<ul class=\"wp-block-list\"><li><a rel=\"noreferrer noopener\" href=\"http:\/\/anpuhpb.org\/docs\/relatorio_comissao_estadual_da_verdade_pb.pdf\" target=\"_blank\">Relat\u00f3rio da Comiss\u00e3o Estadual da Verdade &#8211; PB<\/a><\/li><li><a rel=\"noreferrer noopener\" href=\"http:\/\/anpuhpb.org\/docs\/Relatorio_parcial_da_Comissao_da_Verdade_das_Entidades_da_UFCG marco_2015.pdf\" target=\"_blank\">Relat\u00f3rio Parcial da Comiss\u00e3o da Verdade das entidades da UFCG<\/a><\/li><li><a href=\"https:\/\/anpuhpb.org\/site\/notas-e-mocoes\/\">Notas e Mo\u00e7\u00f5es<\/a><\/li><li><a rel=\"noreferrer noopener\" href=\"http:\/\/anpuhpb.org\/docs\/Carta_programa-Chapa_ANPUH-PB_2014-2016.pdf\" target=\"_blank\">Carta programa da Chapa ANPUH-PB 2014-2016<\/a><\/li><\/ul>\n","protected":false},"excerpt":{"rendered":"<p>Relat\u00f3rio da Comiss\u00e3o Estadual da Verdade &#8211; PB Relat\u00f3rio Parcial da Comiss\u00e3o da Verdade das entidades da UFCG Notas e Mo\u00e7\u00f5es Carta programa da Chapa ANPUH-PB 2014-2016<\/p>\n","protected":false},"author":2,"featured_media":0,"parent":0,"menu_order":0,"comment_status":"closed","ping_status":"closed","template":"","meta":{"neve_meta_sidebar":"full-width","neve_meta_container":"","neve_meta_enable_content_width":"on","neve_meta_content_width":100,"neve_meta_title_alignment":"","neve_meta_author_avatar":"","neve_post_elements_order":"","neve_meta_disable_header":"","neve_meta_disable_footer":"","neve_meta_disable_title":"","footnotes":""},"class_list":["post-876","page","type-page","status-publish","hentry"],"featured_image_src":null,"_links":{"self":[{"href":"https:\/\/anpuhpb.org\/site\/wp-json\/wp\/v2\/pages\/876","targetHints":{"allow":["GET"]}}],"collection":[{"href":"https:\/\/anpuhpb.org\/site\/wp-json\/wp\/v2\/pages"}],"about":[{"href":"https:\/\/anpuhpb.org\/site\/wp-json\/wp\/v2\/types\/page"}],"author":[{"embeddable":true,"href":"https:\/\/anpuhpb.org\/site\/wp-json\/wp\/v2\/users\/2"}],"replies":[{"embeddable":true,"href":"https:\/\/anpuhpb.org\/site\/wp-json\/wp\/v2\/comments?post=876"}],"version-history":[{"count":2,"href":"https:\/\/anpuhpb.org\/site\/wp-json\/wp\/v2\/pages\/876\/revisions"}],"predecessor-version":[{"id":978,"href":"https:\/\/anpuhpb.org\/site\/wp-json\/wp\/v2\/pages\/876\/revisions\/978"}],"wp:attachment":[{"href":"https:\/\/anpuhpb.org\/site\/wp-json\/wp\/v2\/media?parent=876"}],"curies":[{"name":"wp","href":"https:\/\/api.w.org\/{rel}","templated":true}]}}