{"id":900,"date":"2021-09-15T16:35:45","date_gmt":"2021-09-15T19:35:45","guid":{"rendered":"http:\/\/anpuhpb.org\/site\/?page_id=900"},"modified":"2021-09-15T16:43:33","modified_gmt":"2021-09-15T19:43:33","slug":"videos","status":"publish","type":"page","link":"https:\/\/anpuhpb.org\/site\/videos\/","title":{"rendered":"V\u00eddeos"},"content":{"rendered":"\n<figure class=\"wp-block-embed alignwide is-type-video is-provider-youtube wp-block-embed-youtube wp-embed-aspect-4-3 wp-has-aspect-ratio\"><div class=\"wp-block-embed__wrapper\">\n<div class=\"nv-iframe-embed\"><iframe loading=\"lazy\" title=\"Dirigente da Anpuh\/PB na Sess\u00e3o da C\u00e2mara de CG sobre os 50 anos da ditadura\" width=\"1200\" height=\"900\" src=\"https:\/\/www.youtube.com\/embed\/QShQZEEUB2U?feature=oembed\" frameborder=\"0\" allow=\"accelerometer; autoplay; clipboard-write; encrypted-media; gyroscope; picture-in-picture\" allowfullscreen><\/iframe><\/div>\n<\/div><figcaption>Interven\u00e7\u00e3o de Jos\u00e9 Luciano de Queiroz Aires, Diretor da ANPUH-PB, durante Sess\u00e3o Especial da C\u00e2mara de Vereadores de Campina Grande, em que se discutiu os 50 anos do golpe de 1964 (20\/5\/2014)<\/figcaption><\/figure>\n\n\n\n<figure class=\"wp-block-embed alignwide is-type-video is-provider-youtube wp-block-embed-youtube wp-embed-aspect-16-9 wp-has-aspect-ratio\"><div class=\"wp-block-embed__wrapper\">\n<div class=\"nv-iframe-embed\"><iframe loading=\"lazy\" title=\"Jornada de Hist\u00f3ria - Manh\u00e3\" width=\"1200\" height=\"675\" src=\"https:\/\/www.youtube.com\/embed\/9_Pc0TYozh8?feature=oembed\" frameborder=\"0\" allow=\"accelerometer; autoplay; clipboard-write; encrypted-media; gyroscope; picture-in-picture\" allowfullscreen><\/iframe><\/div>\n<\/div><figcaption><em>Jornada de Hist\u00f3ria &#8211; Curr\u00edculo da Educa\u00e7\u00e3o B\u00e1sica e Forma\u00e7\u00e3o do Historiador: quest\u00f5es atuais e perspectivas (GT Ensino de Hist\u00f3ria ANPUH e do PPG-Hist\u00f3ria Social USP, 29\/5\/2014) &#8211; partes 1<\/em><\/figcaption><\/figure>\n\n\n\n<figure class=\"wp-block-embed alignwide is-type-video is-provider-youtube wp-block-embed-youtube wp-embed-aspect-16-9 wp-has-aspect-ratio\"><div class=\"wp-block-embed__wrapper\">\n<div class=\"nv-iframe-embed\"><iframe loading=\"lazy\" title=\"Jornada de Hist\u00f3ria - Tarde\" width=\"1200\" height=\"675\" src=\"https:\/\/www.youtube.com\/embed\/Pp92Txz3T6A?feature=oembed\" frameborder=\"0\" allow=\"accelerometer; autoplay; clipboard-write; encrypted-media; gyroscope; picture-in-picture\" allowfullscreen><\/iframe><\/div>\n<\/div><figcaption><em>Jornada de Hist\u00f3ria &#8211; Curr\u00edculo da Educa\u00e7\u00e3o B\u00e1sica e Forma\u00e7\u00e3o do Historiador: quest\u00f5es atuais e perspectivas (GT Ensino de Hist\u00f3ria ANPUH e do PPG-Hist\u00f3ria Social USP, 29\/5\/2014) &#8211; partes 2<\/em><\/figcaption><\/figure>\n","protected":false},"excerpt":{"rendered":"","protected":false},"author":2,"featured_media":0,"parent":0,"menu_order":0,"comment_status":"closed","ping_status":"closed","template":"","meta":{"neve_meta_sidebar":"full-width","neve_meta_container":"","neve_meta_enable_content_width":"on","neve_meta_content_width":100,"neve_meta_title_alignment":"","neve_meta_author_avatar":"","neve_post_elements_order":"","neve_meta_disable_header":"","neve_meta_disable_footer":"","neve_meta_disable_title":"","footnotes":""},"class_list":["post-900","page","type-page","status-publish","hentry"],"featured_image_src":null,"_links":{"self":[{"href":"https:\/\/anpuhpb.org\/site\/wp-json\/wp\/v2\/pages\/900","targetHints":{"allow":["GET"]}}],"collection":[{"href":"https:\/\/anpuhpb.org\/site\/wp-json\/wp\/v2\/pages"}],"about":[{"href":"https:\/\/anpuhpb.org\/site\/wp-json\/wp\/v2\/types\/page"}],"author":[{"embeddable":true,"href":"https:\/\/anpuhpb.org\/site\/wp-json\/wp\/v2\/users\/2"}],"replies":[{"embeddable":true,"href":"https:\/\/anpuhpb.org\/site\/wp-json\/wp\/v2\/comments?post=900"}],"version-history":[{"count":2,"href":"https:\/\/anpuhpb.org\/site\/wp-json\/wp\/v2\/pages\/900\/revisions"}],"predecessor-version":[{"id":905,"href":"https:\/\/anpuhpb.org\/site\/wp-json\/wp\/v2\/pages\/900\/revisions\/905"}],"wp:attachment":[{"href":"https:\/\/anpuhpb.org\/site\/wp-json\/wp\/v2\/media?parent=900"}],"curies":[{"name":"wp","href":"https:\/\/api.w.org\/{rel}","templated":true}]}}